{"id":913,"date":"2022-06-09T10:27:38","date_gmt":"2022-06-09T08:27:38","guid":{"rendered":"https:\/\/carodreva.sk\/eshop\/?post_type=product&#038;p=913"},"modified":"2024-03-11T12:06:10","modified_gmt":"2024-03-11T11:06:10","slug":"teleskopicka-predlzovacia-tyc","status":"publish","type":"product","link":"https:\/\/carodreva.sk\/eshop\/produkt\/teleskopicka-predlzovacia-tyc\/","title":{"rendered":"Teleskopick\u00e1 predl\u017eovacia ty\u010d 2m"},"content":{"rendered":"<ul>\n<li>pre pr\u00e1cu bez vzniku zbyto\u010dnej \u00fanavy a tie\u017e pre pr\u00e1cu na \u0165a\u017eko dostupn\u00fdch miestach<\/li>\n<li>kovov\u00e9 telo<\/li>\n<li>pre jednoduch\u00fa pr\u00e1cu<\/li>\n<\/ul>\n","protected":false},"excerpt":{"rendered":"<p>Pre pr\u00e1cu bez vzniku zbyto\u010dnej \u00fanavy a tie\u017e pre pr\u00e1cu na \u0165a\u017eko dostupn\u00fdch miestach. Rozp\u00e4tie 1,15 &#8211; 2m.<\/p>\n","protected":false},"featured_media":2425,"comment_status":"open","ping_status":"closed","template":"","meta":[],"product_cat":[71],"product_tag":[],"acf":[],"_links":{"self":[{"href":"https:\/\/carodreva.sk\/eshop\/wp-json\/wp\/v2\/product\/913"}],"collection":[{"href":"https:\/\/carodreva.sk\/eshop\/wp-json\/wp\/v2\/product"}],"about":[{"href":"https:\/\/carodreva.sk\/eshop\/wp-json\/wp\/v2\/types\/product"}],"replies":[{"embeddable":true,"href":"https:\/\/carodreva.sk\/eshop\/wp-json\/wp\/v2\/comments?post=913"}],"wp:featuredmedia":[{"embeddable":true,"href":"https:\/\/carodreva.sk\/eshop\/wp-json\/wp\/v2\/media\/2425"}],"wp:attachment":[{"href":"https:\/\/carodreva.sk\/eshop\/wp-json\/wp\/v2\/media?parent=913"}],"wp:term":[{"taxonomy":"product_cat","embeddable":true,"href":"https:\/\/carodreva.sk\/eshop\/wp-json\/wp\/v2\/product_cat?post=913"},{"taxonomy":"product_tag","embeddable":true,"href":"https:\/\/carodreva.sk\/eshop\/wp-json\/wp\/v2\/product_tag?post=913"}],"curies":[{"name":"wp","href":"https:\/\/api.w.org\/{rel}","templated":true}]}}