{"id":908,"date":"2022-06-09T10:18:01","date_gmt":"2022-06-09T08:18:01","guid":{"rendered":"https:\/\/carodreva.sk\/eshop\/?post_type=product&#038;p=908"},"modified":"2024-06-03T23:45:38","modified_gmt":"2024-06-03T21:45:38","slug":"vedro-na-farbu-plast","status":"publish","type":"product","link":"https:\/\/carodreva.sk\/eshop\/produkt\/vedro-na-farbu-plast\/","title":{"rendered":"Vedro na farbu plast"},"content":{"rendered":"<ul>\n<li>vedro na farbu vyroben\u00e9 z pevn\u00e9ho a odoln\u00e9ho plastu<\/li>\n<li>ve\u013ek\u00e1 a dobre \u0161trukt\u00farovan\u00e1 otieraca plocha<\/li>\n<li>optim\u00e1lne otrenie prebyto\u010dnej n\u00e1terovej hmoty z val\u010deka<\/li>\n<\/ul>\n","protected":false},"excerpt":{"rendered":"<p>Vedro na farbu vyroben\u00e9 z pevn\u00e9ho a odoln\u00e9ho plastu.<\/p>\n","protected":false},"featured_media":909,"comment_status":"open","ping_status":"closed","template":"","meta":[],"product_cat":[77],"product_tag":[],"acf":[],"_links":{"self":[{"href":"https:\/\/carodreva.sk\/eshop\/wp-json\/wp\/v2\/product\/908"}],"collection":[{"href":"https:\/\/carodreva.sk\/eshop\/wp-json\/wp\/v2\/product"}],"about":[{"href":"https:\/\/carodreva.sk\/eshop\/wp-json\/wp\/v2\/types\/product"}],"replies":[{"embeddable":true,"href":"https:\/\/carodreva.sk\/eshop\/wp-json\/wp\/v2\/comments?post=908"}],"wp:featuredmedia":[{"embeddable":true,"href":"https:\/\/carodreva.sk\/eshop\/wp-json\/wp\/v2\/media\/909"}],"wp:attachment":[{"href":"https:\/\/carodreva.sk\/eshop\/wp-json\/wp\/v2\/media?parent=908"}],"wp:term":[{"taxonomy":"product_cat","embeddable":true,"href":"https:\/\/carodreva.sk\/eshop\/wp-json\/wp\/v2\/product_cat?post=908"},{"taxonomy":"product_tag","embeddable":true,"href":"https:\/\/carodreva.sk\/eshop\/wp-json\/wp\/v2\/product_tag?post=908"}],"curies":[{"name":"wp","href":"https:\/\/api.w.org\/{rel}","templated":true}]}}