{"id":902,"date":"2022-06-09T09:53:12","date_gmt":"2022-06-09T07:53:12","guid":{"rendered":"https:\/\/carodreva.sk\/eshop\/?post_type=product&#038;p=902"},"modified":"2024-05-25T15:33:39","modified_gmt":"2024-05-25T13:33:39","slug":"vanicka-na-farbu","status":"publish","type":"product","link":"https:\/\/carodreva.sk\/eshop\/produkt\/vanicka-na-farbu\/","title":{"rendered":"Vani\u010dka na farbu"},"content":{"rendered":"<ul>\n<li>vysoko kvalitn\u00e1 vani\u010dka na farbu z pevn\u00e9ho a odoln\u00e9ho plastu<\/li>\n<li>stabiln\u00e1 kon\u0161trukcia<\/li>\n<li>vysoko stabiln\u00e1 a odoln\u00e1 proti prevr\u00e1teniu<\/li>\n<li>\u0161trukt\u00farovan\u00e9 utieranie povrchu<\/li>\n<li>optim\u00e1lne utretie prebyto\u010dnej n\u00e1terovej hmoty<\/li>\n<li>\u0161peci\u00e1lne tvarovan\u00e9 okraje a vylievacie rohy<\/li>\n<li>jednoduch\u00e9 a bezpe\u010dn\u00e9 vylievanie zost\u00e1vaj\u00facej farby &#8211; \u00faspora materi\u00e1lu<\/li>\n<\/ul>\n","protected":false},"excerpt":{"rendered":"<p>Vysoko kvalitn\u00e1 vani\u010dka na farbu z pevn\u00e9ho a odoln\u00e9ho plastu.<\/p>\n","protected":false},"featured_media":903,"comment_status":"open","ping_status":"closed","template":"","meta":[],"product_cat":[77],"product_tag":[],"acf":[],"_links":{"self":[{"href":"https:\/\/carodreva.sk\/eshop\/wp-json\/wp\/v2\/product\/902"}],"collection":[{"href":"https:\/\/carodreva.sk\/eshop\/wp-json\/wp\/v2\/product"}],"about":[{"href":"https:\/\/carodreva.sk\/eshop\/wp-json\/wp\/v2\/types\/product"}],"replies":[{"embeddable":true,"href":"https:\/\/carodreva.sk\/eshop\/wp-json\/wp\/v2\/comments?post=902"}],"wp:featuredmedia":[{"embeddable":true,"href":"https:\/\/carodreva.sk\/eshop\/wp-json\/wp\/v2\/media\/903"}],"wp:attachment":[{"href":"https:\/\/carodreva.sk\/eshop\/wp-json\/wp\/v2\/media?parent=902"}],"wp:term":[{"taxonomy":"product_cat","embeddable":true,"href":"https:\/\/carodreva.sk\/eshop\/wp-json\/wp\/v2\/product_cat?post=902"},{"taxonomy":"product_tag","embeddable":true,"href":"https:\/\/carodreva.sk\/eshop\/wp-json\/wp\/v2\/product_tag?post=902"}],"curies":[{"name":"wp","href":"https:\/\/api.w.org\/{rel}","templated":true}]}}