{"id":834,"date":"2022-06-08T11:21:22","date_gmt":"2022-06-08T09:21:22","guid":{"rendered":"https:\/\/carodreva.sk\/eshop\/?post_type=product&#038;p=834"},"modified":"2025-06-17T07:29:01","modified_gmt":"2025-06-17T05:29:01","slug":"stetec-zarohovy","status":"publish","type":"product","link":"https:\/\/carodreva.sk\/eshop\/produkt\/stetec-zarohovy\/","title":{"rendered":"\u0160tetec z\u00e1rohov\u00fd"},"content":{"rendered":"<ul>\n<li>ide\u00e1lne pre natieranie v rohoch<\/li>\n<li>ide\u00e1lne pre natieranie hr\u00e1n a \u010fal\u0161\u00edch \u0165a\u017eko dostupn\u00fdch miestach<\/li>\n<li>vl\u00e1kna zo zmesi stabilizovan\u00fdch \u0161tet\u00edn<\/li>\n<li>materi\u00e1l obj\u00edmka &#8211; pozinkovan\u00e1 oce\u013e<\/li>\n<li>materi\u00e1l r\u00fa\u010dka &#8211; \u010derven\u00fd plast<\/li>\n<\/ul>\n<h4>Vhodn\u00fd pre:<\/h4>\n<ul>\n<li>farby na steny<\/li>\n<li>rozp\u00fa\u0161\u0165adlov\u00e9 farby<\/li>\n<li>laz\u00fary<\/li>\n<\/ul>\n","protected":false},"excerpt":{"rendered":"<p>Ide\u00e1lne pre natieranie v rohoch, pre natieranie hr\u00e1n a v \u010fal\u0161\u00edch \u0165a\u017eko dostupn\u00fdch miestach.<\/p>\n","protected":false},"featured_media":835,"comment_status":"open","ping_status":"closed","template":"","meta":[],"product_cat":[72],"product_tag":[],"acf":[],"_links":{"self":[{"href":"https:\/\/carodreva.sk\/eshop\/wp-json\/wp\/v2\/product\/834"}],"collection":[{"href":"https:\/\/carodreva.sk\/eshop\/wp-json\/wp\/v2\/product"}],"about":[{"href":"https:\/\/carodreva.sk\/eshop\/wp-json\/wp\/v2\/types\/product"}],"replies":[{"embeddable":true,"href":"https:\/\/carodreva.sk\/eshop\/wp-json\/wp\/v2\/comments?post=834"}],"wp:featuredmedia":[{"embeddable":true,"href":"https:\/\/carodreva.sk\/eshop\/wp-json\/wp\/v2\/media\/835"}],"wp:attachment":[{"href":"https:\/\/carodreva.sk\/eshop\/wp-json\/wp\/v2\/media?parent=834"}],"wp:term":[{"taxonomy":"product_cat","embeddable":true,"href":"https:\/\/carodreva.sk\/eshop\/wp-json\/wp\/v2\/product_cat?post=834"},{"taxonomy":"product_tag","embeddable":true,"href":"https:\/\/carodreva.sk\/eshop\/wp-json\/wp\/v2\/product_tag?post=834"}],"curies":[{"name":"wp","href":"https:\/\/api.w.org\/{rel}","templated":true}]}}