{"id":818,"date":"2022-06-02T11:03:20","date_gmt":"2022-06-02T09:03:20","guid":{"rendered":"https:\/\/carodreva.sk\/eshop\/?post_type=product&#038;p=818"},"modified":"2026-04-01T11:24:17","modified_gmt":"2026-04-01T09:24:17","slug":"belinka-belfresh","status":"publish","type":"product","link":"https:\/\/carodreva.sk\/eshop\/produkt\/belinka-belfresh\/","title":{"rendered":"Belinka Belfresh"},"content":{"rendered":"<p>Belfresh je \u00fa\u010dinn\u00e9 \u010dinidlo, ktor\u00e9 odstra\u0148uje \u0161edivos\u0165 z dreva, ktor\u00e9 je vystaven\u00e9 poveternostn\u00fdm vplyvom. Pom\u00e1ha zd\u00f4razni\u0165 pr\u00edrodn\u00fa farbu schodn\u00fdch povrchov, stenov\u00fdch obkladov a z\u00e1hradn\u00e9ho n\u00e1bytku. Pou\u017e\u00edva sa na o\u017eivenie povrchov, ktor\u00e9 s\u00fa vyroben\u00e9 z odoln\u00fdch typov dreva (smrekovec, dub, acacia, orech a tropick\u00e9 drevo ako teak a bangkirai), a ktor\u00e9 u\u017e dlh\u0161iu dobu neboli naolejovan\u00e9 alebo o\u0161etren\u00e9. Tento v\u00fdrobok nie je vhodn\u00fd na povrchy, ktor\u00e9 boli o\u0161etren\u00e9 laz\u00farou alebo emailom. V\u00fdsledok z\u00e1vis\u00ed od druhu dreva.<\/p>\n<ul>\n<li>\u00da\u010dinn\u00e9 \u010dinidlo, ktor\u00e9 odstra\u0148uje \u0161edivos\u0165 z dreva, ktor\u00e9 je vystaven\u00e9 poveternostn\u00fdm vplyvom<\/li>\n<li>Pom\u00e1ha zd\u00f4razni\u0165 pr\u00edrodn\u00fa farbu schodn\u00fdch povrchov, stenov\u00fdch obkladov a\u00a0z\u00e1hradn\u00e9ho n\u00e1bytku<\/li>\n<li>Vhodn\u00fd na o\u017eivenie viac odoln\u00fdch druhov dreva<\/li>\n<\/ul>\n<p>Pou\u017e\u00edva sa na o\u017eivenie povrchov, ktor\u00e9 s\u00fa vyroben\u00e9 z odoln\u00fdch typov dreva (smrekovec, dub, acacia, orech a tropick\u00e9 drevo ako teak a bangkirai), a ktor\u00e9 u\u017e dlh\u0161iu dobu neboli naolejovan\u00e9 alebo o\u0161etren\u00e9. Tento v\u00fdrobok nie je vhodn\u00fd na povrchy, ktor\u00e9 boli o\u0161etren\u00e9 laz\u00farou alebo enamelom. V\u00fdsledok z\u00e1vis\u00ed od druhu dreva.<\/p>\n<p>Rovnomerne vysu\u0161te drevo, vybr\u00faste ho a o\u0161etrite ho s v\u00fdrobkami Belinka Oil Decking alebo Belinka Oil Exterier. Pri povrchoch, ktor\u00e9 s\u00fa vystaven\u00e9 poveternostn\u00fdm vplyvom odpor\u00fa\u010dame najprv pou\u017ei\u0165 impregn\u00e1ciu, napr\u00edklad Base. Pou\u017eite plastick\u00e9 n\u00e1stroje, ktor\u00e9 sa daj\u00fa vy\u010disti\u0165 vodou.<\/p>\n<p>Spotreba z\u00e1vis\u00ed od \u0161edosti v\u00a0danej oblasti; ak sa pou\u017e\u00edva ako koncentrovan\u00fd, m\u00f4\u017ee vy\u010disti\u0165 a\u017e 8 m<sup>2<\/sup>\u00a0povrchu.<\/p>\n<h4>Pou\u017e\u00edvanie:<\/h4>\n<p>Pred pou\u017eit\u00edm si oble\u010dte ochrann\u00fd odev, gumenn\u00e9 rukavice a ochrann\u00e9 okuliare. Pred pou\u017eit\u00edm ochr\u00e1\u0148te rastliny, mramorov\u00e9 a kovov\u00e9 \u010dasti, ktor\u00e9 nie s\u00fa odoln\u00e9 vo\u010di kor\u00f3zi\u00ed. Na z\u00e1klade \u0161edivosti v danej oblasti, m\u00f4\u017ee by\u0165 \u010dinidlo pou\u017eit\u00e9 ako nerieden\u00e9 alebo rieden\u00e9 vodou (max. 1 : 4).<\/p>\n<p>Drevo mus\u00ed by\u0165 rovnomerne vy\u010disten\u00e9 a zvlh\u010den\u00e9 vodou, a nasleduje nanesenie v\u00fdrobku Belfresh \u0161tetcom, val\u010dekom alebo \u010distiacou kefou. Nepou\u017e\u00edvajte kovov\u00e9 dr\u00f4tenky alebo \u0161pongie. Naneste dostato\u010dn\u00e9 mno\u017estvo a nechajte schn\u00fa\u0165 10 alebo 20 min\u00fat. Nasledovne vy\u010distite drevo nekovovou kefou s tvrd\u00fdmi \u0161tetinami a rovnomerne vy\u010distite vodou, aby ste \u00faplne odstr\u00e1nili \u010dinidlo. Nesmie na povrchu \u00faplne zaschn\u00fa\u0165, tak\u017ee vy\u010distite ve\u013ek\u00e9 povrchy krok za krokom.<\/p>\n<p>Tento v\u00fdrobok sa mus\u00ed pou\u017e\u00edva\u0165 pri teplote and +8 \u00b0C. Nenan\u00e1\u0161ajte pri priamom slne\u010dnom \u017eiaren\u00ed. Ak je povrch pr\u00edli\u0161 \u0161ed\u00fd, zopakujte dan\u00fd proces.<\/p>\n<h4>Technick\u00e9 inform\u00e1cie:<\/h4>\n<p>Zlo\u017eenie:\u00a0Voda, oxalick\u00e1 kyselina, ani\u00f3nov\u00e9 a nei\u00f3nov\u00e9 povrchov\u00e9 l\u00e1tky, zahus\u0165ovadlo.<\/p>\n<p>Spotreba:\u00a0Spotreba z\u00e1vis\u00ed od \u0161edosti v\u00a0danej oblasti; ak sa pou\u017e\u00edva ako koncentrovan\u00fd, 1 l m\u00f4\u017ee vy\u010disti\u0165 a\u017e 8 m<sup>2<\/sup>\u00a0povrchu.<\/p>\n<p>Schnutie:\u00a0\/\u00a0\u010cistenie n\u00e1radia:\u00a0Pracovn\u00e9 n\u00e1stroje vy\u010distite po pou\u017eit\u00ed vodou.<\/p>\n<p>Skladovanie: Uskladnite v\u00fdrobok v origin\u00e1lnom a tesne uzatvorenom obale, na suchom mieste a pri teplote od 5 \u00b0C do 30 \u00b0C. Uchovajte mimo dosahu det\u00ed. \u010cinidlo nesmie zamrzn\u00fa\u0165! Uchovajte mimo dosahu det\u00ed a na miestach, kde sa nenach\u00e1dza jedlo, krmiv\u00e1 a voda.<\/p>\n","protected":false},"excerpt":{"rendered":"<p>Belfresh je \u00fa\u010dinn\u00e9 \u010dinidlo, ktor\u00e9 odstra\u0148uje \u0161edivos\u0165 z dreva, ktor\u00e9 je vystaven\u00e9 poveternostn\u00fdm vplyvom.<\/p>\n","protected":false},"featured_media":821,"comment_status":"open","ping_status":"closed","template":"","meta":[],"product_cat":[70],"product_tag":[],"acf":[],"_links":{"self":[{"href":"https:\/\/carodreva.sk\/eshop\/wp-json\/wp\/v2\/product\/818"}],"collection":[{"href":"https:\/\/carodreva.sk\/eshop\/wp-json\/wp\/v2\/product"}],"about":[{"href":"https:\/\/carodreva.sk\/eshop\/wp-json\/wp\/v2\/types\/product"}],"replies":[{"embeddable":true,"href":"https:\/\/carodreva.sk\/eshop\/wp-json\/wp\/v2\/comments?post=818"}],"wp:featuredmedia":[{"embeddable":true,"href":"https:\/\/carodreva.sk\/eshop\/wp-json\/wp\/v2\/media\/821"}],"wp:attachment":[{"href":"https:\/\/carodreva.sk\/eshop\/wp-json\/wp\/v2\/media?parent=818"}],"wp:term":[{"taxonomy":"product_cat","embeddable":true,"href":"https:\/\/carodreva.sk\/eshop\/wp-json\/wp\/v2\/product_cat?post=818"},{"taxonomy":"product_tag","embeddable":true,"href":"https:\/\/carodreva.sk\/eshop\/wp-json\/wp\/v2\/product_tag?post=818"}],"curies":[{"name":"wp","href":"https:\/\/api.w.org\/{rel}","templated":true}]}}