{"id":813,"date":"2022-06-02T10:57:14","date_gmt":"2022-06-02T08:57:14","guid":{"rendered":"https:\/\/carodreva.sk\/eshop\/?post_type=product&#038;p=813"},"modified":"2026-04-01T11:25:52","modified_gmt":"2026-04-01T09:25:52","slug":"belinka-belcare-milk","status":"publish","type":"product","link":"https:\/\/carodreva.sk\/eshop\/produkt\/belinka-belcare-milk\/","title":{"rendered":"Belinka Belcare"},"content":{"rendered":"<p>Belcare milk je bezfarebn\u00fd n\u00e1ter zalo\u017een\u00fd na vode, ktor\u00fd sa pou\u017e\u00edva na o\u0161etrenie dreven\u00fdch spojov, ktor\u00e9 u\u017e boli o\u0161etren\u00e9 moridlom na drevo a\u00a0vrchn\u00fdmi n\u00e1termi. Toto o\u0161etruj\u00face mlieko vyp\u013a\u0148a mikro p\u00f3ry v\u00a0n\u00e1tere, zlep\u0161uje vode-odolnos\u0165 povrchu, o\u017eivuje farbu a\u00a0predl\u017euje \u017eivotnos\u0165 n\u00e1teru.<\/p>\n<ul>\n<li>Bezfarebn\u00fd v\u00fdrobok, ktor\u00fd je zalo\u017een\u00fd na vode<\/li>\n<li>Vyp\u013a\u0148a mikro p\u00f3ry v\u00a0n\u00e1tere<\/li>\n<li>Zlep\u0161uje vodeodolnos\u0165 povrchu<\/li>\n<li>O\u017eivuje farbu a\u00a0predl\u017euje \u017eivotnos\u0165 n\u00e1teru<\/li>\n<\/ul>\n<p>O\u0161etruj\u00face mlieko nesl\u00fa\u017ei na zlep\u0161enie po\u0161koden\u00fdch n\u00e1terov. Na obnovu okien a dver\u00ed pou\u017eite laz\u00fary na drevo, ktor\u00e9 boli vytvoren\u00e9 na o\u0161etrenie rozmerovo stabiln\u00e9ho dreva.<\/p>\n<h4>Pou\u017e\u00edvanie:<\/h4>\n<p>Dreven\u00e9 elementy vy\u010distite jemn\u00fdm \u010distiacim prostriedkom a vysu\u0161te. Pred pou\u017eit\u00edm dobre zamie\u0161ajte. Nan\u00e1\u0161ajte jemnou handrou rovnomerne v tenkej vrstve. V\u00fdrobok sa mus\u00ed pou\u017e\u00edva\u0165 pri teplote nad +8 \u00b0C. N\u00e1ter zaschne za 30 min\u00fat. Proces zopakujte dvakr\u00e1t za rok. O\u0161etruj\u00face mlieko m\u00f4\u017ee zmeni\u0165 lesk povrchu.<\/p>\n<h4>Technick\u00e9 inform\u00e1cie:<\/h4>\n<p>Zlo\u017eenie:\u00a0Voda, akrylov\u00e1 \u017eivica, vosk, pr\u00edsady a obalov\u00e9 konzerva\u010dn\u00e9 l\u00e1tky.<\/p>\n<p>Spotreba: Spotreba z\u00e1vis\u00ed hlavne od objemu nan\u00e1\u0161ania. Je n\u00e1ro\u010dn\u00e9 odhadn\u00fa\u0165 spotrebu, preto\u017ee v\u00fdrobok sa nan\u00e1\u0161a handrou.<\/p>\n<p>Schnutie: Pri norm\u00e1lnych podmienkach (20 \u00b0C, relat\u00edvna vlhkos\u0165 vzduchu 65 %) bude n\u00e1ter such\u00fd do 30 min\u00fat. Okn\u00e1 nechajte otvoren\u00e9 aspo\u0148 \u010fal\u0161iu hodinu. Doba schnutia sa pred\u013a\u017ei pri n\u00edzkych teplot\u00e1ch a vysokej vlhkosti vzduchu.<\/p>\n<p>\u010cistenie n\u00e1radia:\u00a0Handry musia by\u0165 hne\u010f po pou\u017eit\u00ed umyt\u00e9 vodou a sapon\u00e1tom.<\/p>\n<p>Skladovanie: Uskladnite v\u00fdrobok v origin\u00e1lnom a tesne uzatvorenom obale, na suchom mieste a pri teplote nad 5 \u00b0C. V\u00fdrobok nesmie zamrzn\u00fa\u0165. Uchovajte mimo dosahu det\u00ed a na miestach, kde sa nenach\u00e1dza jedlo, krmiv\u00e1 a voda.<\/p>\n","protected":false},"excerpt":{"rendered":"<p>Belcare milk je bezfarebn\u00fd n\u00e1ter zalo\u017een\u00fd na vode, ktor\u00fd sa pou\u017e\u00edva na o\u0161etrenie dreven\u00fdch spojov, ktor\u00e9 u\u017e boli o\u0161etren\u00e9 moridlom na drevo a vrchn\u00fdmi n\u00e1termi.<\/p>\n","protected":false},"featured_media":814,"comment_status":"open","ping_status":"closed","template":"","meta":[],"product_cat":[70],"product_tag":[],"acf":[],"_links":{"self":[{"href":"https:\/\/carodreva.sk\/eshop\/wp-json\/wp\/v2\/product\/813"}],"collection":[{"href":"https:\/\/carodreva.sk\/eshop\/wp-json\/wp\/v2\/product"}],"about":[{"href":"https:\/\/carodreva.sk\/eshop\/wp-json\/wp\/v2\/types\/product"}],"replies":[{"embeddable":true,"href":"https:\/\/carodreva.sk\/eshop\/wp-json\/wp\/v2\/comments?post=813"}],"wp:featuredmedia":[{"embeddable":true,"href":"https:\/\/carodreva.sk\/eshop\/wp-json\/wp\/v2\/media\/814"}],"wp:attachment":[{"href":"https:\/\/carodreva.sk\/eshop\/wp-json\/wp\/v2\/media?parent=813"}],"wp:term":[{"taxonomy":"product_cat","embeddable":true,"href":"https:\/\/carodreva.sk\/eshop\/wp-json\/wp\/v2\/product_cat?post=813"},{"taxonomy":"product_tag","embeddable":true,"href":"https:\/\/carodreva.sk\/eshop\/wp-json\/wp\/v2\/product_tag?post=813"}],"curies":[{"name":"wp","href":"https:\/\/api.w.org\/{rel}","templated":true}]}}