{"id":795,"date":"2022-06-02T10:03:58","date_gmt":"2022-06-02T08:03:58","guid":{"rendered":"https:\/\/carodreva.sk\/eshop\/?post_type=product&#038;p=795"},"modified":"2026-04-20T13:56:48","modified_gmt":"2026-04-20T11:56:48","slug":"belinka-terasovy-olej","status":"publish","type":"product","link":"https:\/\/carodreva.sk\/eshop\/produkt\/belinka-terasovy-olej\/","title":{"rendered":"Belinka Oil Decking"},"content":{"rendered":"<p>Belinka Oil Decking sa pou\u017e\u00edva na ochranu a \u00fadr\u017ebu vonkaj\u0161\u00edch schodn\u00fdch dreven\u00fdch povrchov a z\u00e1hradn\u00e9ho n\u00e1bytku. Pou\u017e\u00edva sa ako ochrana povrchov, ktor\u00e9 s\u00fa vyroben\u00e9 z odoln\u00fdch typov dreva (smrekovec, dub, orech a tropick\u00e9 drevo ako teak a bangkirai).<\/p>\n<ul>\n<li>Pre ochranu a \u00fadr\u017ebu vonkaj\u0161\u00edch poch\u00f4dznych dreven\u00fdch povrchov a z\u00e1hradn\u00fd n\u00e1bytok<\/li>\n<li>Obsahuje UV filtre a UV pohlcova\u010de<\/li>\n<li>Zvy\u0161uje odolnos\u0165 vo\u010di poveternostn\u00fdm vplyvom<\/li>\n<li>Odpudzuje vodu a ne\u010distoty<\/li>\n<li>Dostupn\u00e9 v piatich starostlivo vybran\u00fdch farebn\u00fdch odtie\u0148och<\/li>\n<\/ul>\n<p>Olej sa vsiakne hlboko do dreva, o\u017eiv\u00ed ho, d\u00e1 mu farbu a posiln\u00ed jeho pr\u00edrodn\u00fa \u0161trukt\u00faru. Odtie\u0148 a kone\u010dn\u00fd vzh\u013ead naolejovan\u00e9ho povrchu z\u00e1vis\u00ed od typu dreva. Naolejovan\u00fd povrch odpudzuje vodu a \u0161pinu, a je jednoduch\u0161\u00ed na \u010distenie.<\/p>\n<p>Na povrchu nevytv\u00e1ra film, bubliny, nel\u00fape sa ako v\u00fdsledok stiahnutia alebo napuchnutia dreva. Obsahuje UV filtre a absorbenty, ktor\u00e9 zvy\u0161uj\u00fa odolnos\u0165 vo\u010di vplyvom po\u010dasia.<\/p>\n<p>Belinka oleje s\u00fa vyroben\u00e9 z pr\u00edrodn\u00fdch zlo\u017eiek a s\u00fa \u0161etrn\u00e9 k zdraviu a \u017eivotn\u00e9mu prostrediu.<\/p>\n<h4>Varovania:<\/h4>\n<p>Olejom nasiaknut\u00e9 handry je nutn\u00e9 po pou\u017eit\u00ed namo\u010di\u0165 do vody alebo sp\u00e1li\u0165, v opa\u010dnom pr\u00edpade m\u00f4\u017ee d\u00f4js\u0165 k ich samovznieteniu.<\/p>\n<h4>Pou\u017e\u00edvanie:<\/h4>\n<p>Pred nanesen\u00edm mus\u00ed by\u0165 drevo such\u00e9, bez ne\u010dist\u00f4t a mastnoty, jemne vybr\u00fasen\u00e9 a bez prachu. Pred pou\u017eit\u00edm olej dobre zamie\u0161ajte.<\/p>\n<p>Spotreba z\u00e1vis\u00ed od typu dreva, jeho predch\u00e1dzaj\u00faceho zaobch\u00e1dzania a met\u00f3dy nan\u00e1\u0161ania. Drevo je dobre chr\u00e1nen\u00e9 vtedy, ke\u010f u\u017e neabsorbuje olej, tak\u017ee by sa mali nanies\u0165 aspo\u0148 2 vrstvy v 24-hodinov\u00fdch intervaloch, ke\u010f chr\u00e1nite povrch prv\u00fdkr\u00e1t.<\/p>\n<p>Schnutie hlb\u0161\u00edch vrstiev trv\u00e1 nieko\u013eko dn\u00ed, tak\u017ee odpor\u00fa\u010dame, aby ste drevo po\u010das tohto obdobia pr\u00edli\u0161 neza\u0165a\u017eovali. Po\u010das pou\u017e\u00edvania tohto v\u00fdrobku mus\u00edte nosi\u0165 ochrann\u00e9 oble\u010denie.<\/p>\n<p>Odpor\u00fa\u010dame pravideln\u00fa kontrolu naolejovan\u00fdch a po\u010dasiu vystaven\u00fdch elementov, ktor\u00e9 by mali by\u0165 o\u0161etren\u00e9. v pr\u00edpade potreby, t\u00fdm ist\u00fdm v\u00fdrobkom. Povinn\u00e9 \u010dasov\u00e9 intervaly o\u0161etrenia z\u00e1visia od typu dreva, mechanickej z\u00e1\u0165a\u017ee a vystaveniu vlhkosti. Odpor\u00fa\u010dame o\u017eivi\u0165 povrch aspo\u0148 raz do roka.<\/p>\n<h4>Technick\u00e9 inform\u00e1cie:<\/h4>\n<p>Zlo\u017eenie: Modifikovan\u00e9 rastlinn\u00e9 oleje a vosky, pigmenty, UV absorbenty a pr\u00eddavn\u00e9 l\u00e1tky.<\/p>\n<p>Spotreba:\u00a0Spotreba z\u00e1vis\u00ed od typu a\u00a0predch\u00e1dzaj\u00faceho zaobch\u00e1dzania s\u00a0drevom (odpor\u00fa\u010dame jemn\u00e9 br\u00fasenie, \u010distenie, vyhladzovanie), a\u00a0taktie\u017e od met\u00f3dy nan\u00e1\u0161ania. 1 liter oleja pokryje 15-30 m<sup>2<\/sup>\u00a0povrchu v jednom n\u00e1tere.<\/p>\n<p>Schnutie:\u00a024 hod\u00edn (za norm\u00e1lnych podmienok, T = 20 \u00b0C, relat\u00edvna vlhkos\u0165 vzduchu 65 %). Pri ni\u017e\u0161\u00edch teplot\u00e1ch alebo vy\u0161\u0161ej relat\u00edvnej vlhkosti vzduchu sa doba schnutia predl\u017euje.<\/p>\n<p>\u010cistenie n\u00e1radia:\u00a0s vodou, sapon\u00e1tom alebo priemyseln\u00fdm liehom.<\/p>\n<p>Skladovanie:\u00a0v origin\u00e1lne uzatvorenom obale pri teplote 5\u201330 \u00b0C.<\/p>\n<p>Bod vzplanutia:\u00a0nad 65 \u00b0C.<\/p>\n","protected":false},"excerpt":{"rendered":"<p>Belinka Oil Decking sa pou\u017e\u00edva na ochranu a \u00fadr\u017ebu vonkaj\u0161\u00edch schodn\u00fdch dreven\u00fdch povrchov a z\u00e1hradn\u00e9ho n\u00e1bytku. Pou\u017e\u00edva sa ako ochrana povrchov, ktor\u00e9 s\u00fa vyroben\u00e9 z odoln\u00fdch typov dreva (smrekovec, dub, orech a tropick\u00e9 drevo ako teak a bangkirai).<\/p>\n","protected":false},"featured_media":796,"comment_status":"open","ping_status":"closed","template":"","meta":[],"product_cat":[66],"product_tag":[],"acf":[],"_links":{"self":[{"href":"https:\/\/carodreva.sk\/eshop\/wp-json\/wp\/v2\/product\/795"}],"collection":[{"href":"https:\/\/carodreva.sk\/eshop\/wp-json\/wp\/v2\/product"}],"about":[{"href":"https:\/\/carodreva.sk\/eshop\/wp-json\/wp\/v2\/types\/product"}],"replies":[{"embeddable":true,"href":"https:\/\/carodreva.sk\/eshop\/wp-json\/wp\/v2\/comments?post=795"}],"wp:featuredmedia":[{"embeddable":true,"href":"https:\/\/carodreva.sk\/eshop\/wp-json\/wp\/v2\/media\/796"}],"wp:attachment":[{"href":"https:\/\/carodreva.sk\/eshop\/wp-json\/wp\/v2\/media?parent=795"}],"wp:term":[{"taxonomy":"product_cat","embeddable":true,"href":"https:\/\/carodreva.sk\/eshop\/wp-json\/wp\/v2\/product_cat?post=795"},{"taxonomy":"product_tag","embeddable":true,"href":"https:\/\/carodreva.sk\/eshop\/wp-json\/wp\/v2\/product_tag?post=795"}],"curies":[{"name":"wp","href":"https:\/\/api.w.org\/{rel}","templated":true}]}}