{"id":785,"date":"2022-06-02T09:47:25","date_gmt":"2022-06-02T07:47:25","guid":{"rendered":"https:\/\/carodreva.sk\/eshop\/?post_type=product&#038;p=785"},"modified":"2026-04-01T11:31:55","modified_gmt":"2026-04-01T09:31:55","slug":"belinka-parafinovy-olej","status":"publish","type":"product","link":"https:\/\/carodreva.sk\/eshop\/produkt\/belinka-parafinovy-olej\/","title":{"rendered":"Belinka Oil Paraffin"},"content":{"rendered":"<p>Belinka Oil Paraffin sa pou\u017e\u00edva na ochranu dreva v saun\u00e1ch. Zvy\u0161uje odolnos\u0165 vo\u010di ne\u010distote a vlhkosti. Je vhodn\u00fd na ochranu v\u0161etk\u00fdch typov dreva.<\/p>\n<ul>\n<li>Bezfarebn\u00e1 impregn\u00e1cia<\/li>\n<li>Ochrana dreven\u00fdch povrchov v saun\u00e1ch<\/li>\n<li>Olej je bezfarebn\u00fd, bez chute a bez v\u00f4ne<\/li>\n<\/ul>\n<p>Belinka paraf\u00ednov\u00fd olej na povrchu nevytv\u00e1ra ochrann\u00fd film, a preto odpor\u00fa\u010dame pravidelne kontrolova\u0165 a obnovova\u0165 naolejovan\u00e9 povrchy. Povinn\u00e9 intervaly ochrany z\u00e1visia od typu dreva, mechanickej z\u00e1\u0165a\u017ee a vystaveniu vlhkosti. Odpor\u00fa\u010dame o\u0161etri\u0165 dreven\u00fd povrch nieko\u013ekokr\u00e1t do roka t\u00fdm ist\u00fdm v\u00fdrobkom.<\/p>\n<h4>Pou\u017e\u00edvanie:<\/h4>\n<p>Aplikujte na dreven\u00e9 povrchy bez mastn\u00f4t, vosku a in\u00fdch ne\u010dist\u00f4t. Pred aplik\u00e1ciou by mal by\u0165 dreven\u00fd povrch vybr\u00fasen\u00fd a dobre vysu\u0161en\u00fd. Olej sa m\u00f4\u017ee nan\u00e1\u0161a\u0165 viacer\u00fdmi sp\u00f4sobmi, aj ke\u010f vo v\u00e4\u010d\u0161ine pr\u00edpadov sa nan\u00e1\u0161a handrou.<\/p>\n<p>\u010eal\u0161\u00edmi met\u00f3dami s\u00fa: nan\u00e1\u0161anie \u0161tetcom alebo val\u010dekom. Na povrch by sa malo vylia\u0165 dostato\u010dn\u00e9 mno\u017estvo oleja a n\u00e1sledne ho rovnomerne rozotrie\u0165. Nechajte olej vsiaknu\u0165 30 min\u00fat. Utrite zvy\u0161n\u00fd olej do \u010distej a suchej handry alebo do absorp\u010dn\u00e9ho papiera. Neodpor\u00fa\u010dame nan\u00e1\u0161a\u0165 olej, ak je teplota ni\u017e\u0161ia ako 15 \u00b0C.<\/p>\n<p>Okam\u017eite po pou\u017eit\u00ed o\u010distite n\u00e1radie vodou a sapon\u00e1tom, pr\u00edp. priemyseln\u00fdm liehom.<\/p>\n<h4>Technick\u00e9 inform\u00e1cie:<\/h4>\n<p>Zlo\u017eenie:\u00a0paraffin oil.<\/p>\n<p>Spotreba:\u00a060\u2013100 ml\/m<sup>2<\/sup>\u00a0povrchu dreva (z\u00e1vis\u00ed od druhu, nasiakavosti a opracovania dreva a od sp\u00f4sobu nan\u00e1\u0161ania).<\/p>\n<p>Schnutie:\u00a024 hod\u00edn (za norm\u00e1lnych podmienok, T = 20 \u00b0C, relat\u00edvna vlhkos\u0165 vzduchu 65 %). Pri ni\u017e\u0161\u00edch teplot\u00e1ch alebo vy\u0161\u0161ej relat\u00edvnej vlhkosti vzduchu sa doba schnutia predl\u017euje.<\/p>\n<p>\u010cistenie n\u00e1radia:\u00a0s vodou, sapon\u00e1tom alebo priemyseln\u00fdm liehom.<\/p>\n<p>Skladovanie:\u00a0v origin\u00e1lne uzatvorenom obale pri teplote 5\u201330 \u00b0C. Uchov\u00e1vajte mimo dosahu det\u00ed.<\/p>\n","protected":false},"excerpt":{"rendered":"<p>Belinka Oil Paraffin sa pou\u017e\u00edva na ochranu dreva v saun\u00e1ch. Zvy\u0161uje odolnos\u0165 vo\u010di ne\u010distote a vlhkosti. Je vhodn\u00fd na ochranu v\u0161etk\u00fdch typov dreva.<\/p>\n","protected":false},"featured_media":788,"comment_status":"open","ping_status":"closed","template":"","meta":[],"product_cat":[67],"product_tag":[],"acf":[],"_links":{"self":[{"href":"https:\/\/carodreva.sk\/eshop\/wp-json\/wp\/v2\/product\/785"}],"collection":[{"href":"https:\/\/carodreva.sk\/eshop\/wp-json\/wp\/v2\/product"}],"about":[{"href":"https:\/\/carodreva.sk\/eshop\/wp-json\/wp\/v2\/types\/product"}],"replies":[{"embeddable":true,"href":"https:\/\/carodreva.sk\/eshop\/wp-json\/wp\/v2\/comments?post=785"}],"wp:featuredmedia":[{"embeddable":true,"href":"https:\/\/carodreva.sk\/eshop\/wp-json\/wp\/v2\/media\/788"}],"wp:attachment":[{"href":"https:\/\/carodreva.sk\/eshop\/wp-json\/wp\/v2\/media?parent=785"}],"wp:term":[{"taxonomy":"product_cat","embeddable":true,"href":"https:\/\/carodreva.sk\/eshop\/wp-json\/wp\/v2\/product_cat?post=785"},{"taxonomy":"product_tag","embeddable":true,"href":"https:\/\/carodreva.sk\/eshop\/wp-json\/wp\/v2\/product_tag?post=785"}],"curies":[{"name":"wp","href":"https:\/\/api.w.org\/{rel}","templated":true}]}}