{"id":779,"date":"2022-06-02T09:32:21","date_gmt":"2022-06-02T07:32:21","guid":{"rendered":"https:\/\/carodreva.sk\/eshop\/?post_type=product&#038;p=779"},"modified":"2026-04-01T11:33:39","modified_gmt":"2026-04-01T09:33:39","slug":"belinka-tungovy-olej","status":"publish","type":"product","link":"https:\/\/carodreva.sk\/eshop\/produkt\/belinka-tungovy-olej\/","title":{"rendered":"Belinka Oil Tung"},"content":{"rendered":"<p>Belinka Oil Tung je tungov\u00fd olej, ktor\u00fd sa pou\u017e\u00edva na ochranu dreva, ktor\u00e9 je vystaven\u00e9 poveternostn\u00fdm vplyvom a ktor\u00e9 je odolnej\u0161ie, napr. drevo na v\u00fdrobu j\u00e1cht alebo in\u00fdch plavidiel.<\/p>\n<ul>\n<li>Bezfarebn\u00e1 bio impregn\u00e1cia<\/li>\n<li>Ochrana dreva a dreven\u00fdch prvkov vystaven\u00fdch poveternostn\u00fdm vplyvom<\/li>\n<li>Dobre o\u0161etren\u00fd dreven\u00fd povrch je odoln\u00fd vo\u010di vode, m\u00e1 hodv\u00e1bny lesk a \u010dasom neza\u017eltne<\/li>\n<\/ul>\n<p>Belinka Oil Tung je vhodn\u00fd na ochranu dreven\u00fdch povrchov, ktor\u00e9 si vy\u017eaduj\u00fa pr\u00edrodn\u00fd materi\u00e1l. Na povrchu nevytv\u00e1ra ochrann\u00fd film. Z toho d\u00f4vodu odpor\u00fa\u010dame, aby sa dreven\u00e9 povrchy pravidelne kontrolovali, aby ste sa presved\u010dili, \u010di s\u00fa adekv\u00e1tne chr\u00e1nen\u00e9.<\/p>\n<p>Povinn\u00e9 intervaly ochrany z\u00e1visia od typu dreva, mechanickej z\u00e1\u0165a\u017ee a vystaveniu vlhkosti. Odpor\u00fa\u010dame o\u0161etri\u0165 povrch dvakr\u00e1t do roka t\u00fdm ist\u00fdm v\u00fdrobkom.<\/p>\n<p>Belinka oleje s\u00fa vyroben\u00e9 z pr\u00edrodn\u00fdch zlo\u017eiek a s\u00fa \u0161etrn\u00e9 k zdraviu a \u017eivotn\u00e9mu prostrediu.<\/p>\n<h4>Varovania:<\/h4>\n<p>Olejom nasiaknut\u00e9 handry je nutn\u00e9 po pou\u017eit\u00ed namo\u010di\u0165 do vody alebo sp\u00e1li\u0165, v opa\u010dnom pr\u00edpade m\u00f4\u017ee d\u00f4js\u0165 k ich samovznieteniu.<\/p>\n<h4>Pou\u017e\u00edvanie:<\/h4>\n<p>Pred nan\u00e1\u0161an\u00edm oleja mus\u00ed by\u0165 drevo such\u00e9, dobre vybr\u00fasen\u00e9 a vy\u010disten\u00e9 od prachu, mastn\u00f4t a in\u00fdch ne\u010dist\u00f4t, inak nebude ochrana dostato\u010dn\u00e1. Pred aplik\u00e1ciou oleja mus\u00ed by\u0165 drevo dobre vysu\u0161en\u00e9. Olej mus\u00ed by\u0165 pred pou\u017eit\u00edm mierne zohriaty, na cca. 30-40 \u00b0C, \u010do podporuje lep\u0161iu absorpciu do podkladu. Pri natieran\u00ed povrchu po prv\u00fdkr\u00e1t, odpor\u00fa\u010dame riedi\u0165 olej maxim\u00e1lne do 30 %. Olej sa m\u00f4\u017ee nan\u00e1\u0161a\u0165 nieko\u013ek\u00fdmi sp\u00f4sobmi, hoci, v 90 % pr\u00edpadoch sa nan\u00e1\u0161a handrou.<\/p>\n<p>In\u00fdmi met\u00f3dami s\u00fa: nan\u00e1\u0161anie \u0161tetcom alebo val\u010dekom, sprejom alebo ponoren\u00edm. Na povrch by sa malo vylia\u0165 dostato\u010dn\u00e9 mno\u017estvo oleja a n\u00e1sledne ho rovnomerne rozotrie\u0165. Nechajte olej vsiaknu\u0165 15-20 min\u00fat. Pri nan\u00e1\u0161an\u00ed ponoren\u00edm, ponorte cel\u00fd dreven\u00fd prvok do oleja a po 10-60 sekund\u00e1ch ho vytiahnite a ulo\u017ete tak, aby olej odkvapkal. V takomto pr\u00edpade, nechajte olej absorbova\u0165 15-20 min\u00fat. Aby ste dosiahli zv\u00fd\u0161en\u00fa odolnos\u0165 dreva, odpor\u00fa\u010dame zopakova\u0165 aplik\u00e1ciu e\u0161te raz po 24 hodin\u00e1ch.<\/p>\n<p>Pri por\u00f3znej\u0161\u00edch povrchoch alebo pri m\u00e4k\u0161\u00edch typoch dreva, odpor\u00fa\u010dame nanesenie nieko\u013ek\u00fdch vrstiev. Medzi dvomi n\u00e1termi, vybr\u00faste povrch hubkou Scotch-Brite alebo jemn\u00fdmi br\u00fasnymi papiermi. Pri aplik\u00e1cii odpor\u00fa\u010dame nosi\u0165 ochrann\u00fd odev a ochrann\u00e9 pom\u00f4cky. Po\u010das aplik\u00e1cie zabezpe\u010dte dostato\u010dn\u00e9 vetranie.<\/p>\n<p>Belinka Oil Tung na povrchu nevytv\u00e1ra ochrann\u00fd film, z toho d\u00f4vodu odpor\u00fa\u010dame pravideln\u00fa kontrolu a o\u0161etrovanie dreven\u00fdch povrchov.<\/p>\n<p>Neodpor\u00fa\u010dame nan\u00e1\u0161a\u0165 olej, ak je teplota ni\u017e\u0161ia ako 15 \u00b0C. Okam\u017eite po pou\u017eit\u00ed o\u010distite n\u00e1radie vodou a sapon\u00e1tom, pr\u00edp. priemyseln\u00fdm liehom.<\/p>\n<h4>Technick\u00e9 inform\u00e1cie:<\/h4>\n<p>Zlo\u017eenie:\u00a0tung oil.<\/p>\n<p>Spotreba:\u00a060\u2013100 ml\/m<sup>2<\/sup>\u00a0povrchu dreva (z\u00e1vis\u00ed od druhu, nasiakavosti a opracovania dreva a od sp\u00f4sobu nan\u00e1\u0161ania).<\/p>\n<p>Schnutie:\u00a024 hod\u00edn (za norm\u00e1lnych podmienok, T = 20 \u00b0C, relat\u00edvna vlhkos\u0165 vzduchu 65 %). Pri ni\u017e\u0161\u00edch teplot\u00e1ch alebo vy\u0161\u0161ej relat\u00edvnej vlhkosti vzduchu sa doba schnutia predl\u017euje.<\/p>\n<p>\u010cistenie n\u00e1radia:\u00a0s vodou, sapon\u00e1tom alebo priemyseln\u00fdm liehom.<\/p>\n<p>Skladovanie:\u00a0v origin\u00e1lne uzatvorenom obale pri teplote 5\u201330 \u00b0C.<\/p>\n<p>&nbsp;<\/p>\n","protected":false},"excerpt":{"rendered":"<p>Tungov\u00fd olej, ktor\u00fd sa pou\u017e\u00edva na ochranu dreva, ktor\u00e9 je vystaven\u00e9 poveternostn\u00fdm vplyvom a ktor\u00e9 je odolnej\u0161ie, napr. drevo na v\u00fdrobu j\u00e1cht alebo in\u00fdch plavidiel.<\/p>\n","protected":false},"featured_media":780,"comment_status":"open","ping_status":"closed","template":"","meta":[],"product_cat":[68],"product_tag":[],"acf":[],"_links":{"self":[{"href":"https:\/\/carodreva.sk\/eshop\/wp-json\/wp\/v2\/product\/779"}],"collection":[{"href":"https:\/\/carodreva.sk\/eshop\/wp-json\/wp\/v2\/product"}],"about":[{"href":"https:\/\/carodreva.sk\/eshop\/wp-json\/wp\/v2\/types\/product"}],"replies":[{"embeddable":true,"href":"https:\/\/carodreva.sk\/eshop\/wp-json\/wp\/v2\/comments?post=779"}],"wp:featuredmedia":[{"embeddable":true,"href":"https:\/\/carodreva.sk\/eshop\/wp-json\/wp\/v2\/media\/780"}],"wp:attachment":[{"href":"https:\/\/carodreva.sk\/eshop\/wp-json\/wp\/v2\/media?parent=779"}],"wp:term":[{"taxonomy":"product_cat","embeddable":true,"href":"https:\/\/carodreva.sk\/eshop\/wp-json\/wp\/v2\/product_cat?post=779"},{"taxonomy":"product_tag","embeddable":true,"href":"https:\/\/carodreva.sk\/eshop\/wp-json\/wp\/v2\/product_tag?post=779"}],"curies":[{"name":"wp","href":"https:\/\/api.w.org\/{rel}","templated":true}]}}