{"id":774,"date":"2022-06-02T09:24:08","date_gmt":"2022-06-02T07:24:08","guid":{"rendered":"https:\/\/carodreva.sk\/eshop\/?post_type=product&#038;p=774"},"modified":"2026-04-01T11:36:14","modified_gmt":"2026-04-01T09:36:14","slug":"belinka-olej-exterier","status":"publish","type":"product","link":"https:\/\/carodreva.sk\/eshop\/produkt\/belinka-olej-exterier\/","title":{"rendered":"Belinka Oil Exterier"},"content":{"rendered":"<p>Belinka Oil Exterier je bezfarebn\u00e1 bio impregn\u00e1cia zlo\u017een\u00e1 z pr\u00edrodn\u00fdch rastlinn\u00fdch olejov na ochranu a o\u0161etrenie vonkaj\u0161\u00edch dreven\u00fdch povrchov (podlahy, z\u00e1hradn\u00fd n\u00e1bytok, stavebn\u00fd n\u00e1bytok a pod.) vyroben\u00fdch z odoln\u00fdch typov dreva (teak, dub, ak\u00e1cia, ga\u0161tan, a pod.).<\/p>\n<ul>\n<li>Bezfarebn\u00e1 bio impregn\u00e1cia<\/li>\n<li>Podlahy, z\u00e1hradn\u00fd n\u00e1bytok, stavebn\u00fd n\u00e1bytok a podobne<\/li>\n<li>Obsahuje l\u00e1tky, ktor\u00e9 spoma\u013euj\u00fa proces tvorby plesn\u00ed<\/li>\n<li>M\u00e1 citrusov\u00fa v\u00f4\u0148u a r\u00fdchlo schne<\/li>\n<\/ul>\n<p>Olej nevytv\u00e1ra na povrchu dreva ochrann\u00fd film. Z toho d\u00f4vodu odpor\u00fa\u010dame pravidelne kontrolova\u0165 naolejovan\u00e9 dreven\u00e9 povrchy, ktor\u00e9 s\u00fa vystaven\u00e9 vplyvom po\u010dasia. Povinn\u00e9 \u010dasov\u00e9 intervaly o\u0161etrenia z\u00e1visia od typu dreva, mechanickej z\u00e1\u0165a\u017ee a vystaveniu vlhkosti.<\/p>\n<p>Impregnovan\u00fd povrch je odoln\u00fd vo\u010di vode a pri pravidelnej starostlivosti je tie\u017e odolnej\u0161\u00ed vo\u010di \u0161kodliv\u00e9mu UV \u017eiareniu v porovnan\u00ed s nenaolejovan\u00fdmi povrchmi. Odpor\u00fa\u010dame obnovova\u0165 dreven\u00fd povrch dvakr\u00e1t za rok rovnak\u00fdm v\u00fdrobkom.<\/p>\n<p>Belinka oleje s\u00fa vyroben\u00e9 z pr\u00edrodn\u00fdch zlo\u017eiek a s\u00fa \u0161etrn\u00e9 k zdraviu a \u017eivotn\u00e9mu prostrediu.<\/p>\n<h4>Varovania:<\/h4>\n<p>Olejom nasiaknut\u00e9 handry je nutn\u00e9 po pou\u017eit\u00ed namo\u010di\u0165 do vody alebo sp\u00e1li\u0165, v opa\u010dnom pr\u00edpade m\u00f4\u017ee d\u00f4js\u0165 k ich samovznieteniu.<\/p>\n<h4>Pou\u017e\u00edvanie:<\/h4>\n<p>Aplikujte na dreven\u00e9 povrchy bez mastn\u00f4t, vosku a in\u00fdch ne\u010dist\u00f4t. Pred aplik\u00e1ciou by mal by\u0165 dreven\u00fd povrch vybr\u00fasen\u00fd a dobre vysu\u0161en\u00fd. Pred pou\u017eit\u00edm olej dobre premie\u0161ajte. Olej sa m\u00f4\u017ee nan\u00e1\u0161a\u0165 nieko\u013ek\u00fdmi sp\u00f4sobmi, hoci, v 90 % pr\u00edpadoch sa nan\u00e1\u0161a handrou.<\/p>\n<p>In\u00fdmi met\u00f3dami s\u00fa: nan\u00e1\u0161anie \u0161tetcom alebo val\u010dekom, sprejom alebo ponoren\u00edm. Na povrch by sa malo vylia\u0165 dostato\u010dn\u00e9 mno\u017estvo oleja a n\u00e1sledne ho rovnomerne rozotrie\u0165. Nechajte olej vsiaknu\u0165 15-20 min\u00fat. Pri nan\u00e1\u0161an\u00ed ponoren\u00edm, ponorte cel\u00fd dreven\u00fd prvok do oleja a po 10-60 sekund\u00e1ch ho vytiahnite a dajte do takej poz\u00edcie, ktor\u00e1 umo\u017e\u0148uje oleju vyschn\u00fa\u0165. V takomto pr\u00edpade, nechajte olej absorbova\u0165 15-20 min\u00fat. Aby ste dosiahli zv\u00fd\u0161en\u00fa odolnos\u0165 dreva, odpor\u00fa\u010dame zopakova\u0165 aplik\u00e1ciu po 24 hodin\u00e1ch.<\/p>\n<p>Drevo je dobre chr\u00e1nen\u00e9 vtedy, ak u\u017e neabsorbuje olej. Pri aplik\u00e1cii odpor\u00fa\u010dame pou\u017ei\u0165 ochrann\u00fd odev a ochrann\u00e9 pom\u00f4cky.<\/p>\n<p>Neodpor\u00fa\u010dame nan\u00e1\u0161a\u0165 olej, ak je teplota ni\u017e\u0161ia ako 15 \u00b0C a relat\u00edvna vlhkos\u0165 vzduchu vy\u0161\u0161ia ako 75 %.<\/p>\n<p>Okam\u017eite po pou\u017eit\u00ed o\u010distite n\u00e1radie vodou a sapon\u00e1tom, pr\u00edp. priemyseln\u00fdm liehom.<\/p>\n<h4>Technick\u00e9 inform\u00e1cie:<\/h4>\n<p>Zlo\u017eenie:\u00a0rastlinn\u00e9 oleje, bez aromatick\u00e9ho rozp\u00fa\u0161\u0165adla a pr\u00edsady. M\u00f4\u017ee sp\u00f4sobi\u0165 alergick\u00fa reakciu.<\/p>\n<p>Spotreba:\u00a050\u2013100 ml\/m<sup>2<\/sup>\u00a0povrchu dreva (z\u00e1vis\u00ed od druhu, nasiakavosti a opracovania dreva a od sp\u00f4sobu nan\u00e1\u0161ania).<\/p>\n<p>Schnutie:\u00a024 hod\u00edn (za norm\u00e1lnych podmienok, T = 20 \u00b0C, relat\u00edvna vlhkos\u0165 vzduchu 65 %). Pri ni\u017e\u0161\u00edch teplot\u00e1ch alebo vy\u0161\u0161ej relat\u00edvnej vlhkosti vzduchu sa doba schnutia predl\u017euje.<\/p>\n<p>\u010cistenie n\u00e1radia:\u00a0s vodou, sapon\u00e1tom alebo priemyseln\u00fdm liehom.<\/p>\n<p>Skladovanie:\u00a0v origin\u00e1lne uzatvorenom obale pri teplote 5\u201330 \u00b0C.\u00a0Bod vzplanutia:\u00a0nad 65 \u00b0C.<\/p>\n","protected":false},"excerpt":{"rendered":"<p>Belinka Oil Exterier je bezfarebn\u00e1 bio impregn\u00e1cia zlo\u017een\u00e1 z pr\u00edrodn\u00fdch rastlinn\u00fdch olejov na ochranu a o\u0161etrenie vonkaj\u0161\u00edch dreven\u00fdch povrchov (podlahy, z\u00e1hradn\u00fd n\u00e1bytok, stavebn\u00fd n\u00e1bytok a pod.) vyroben\u00fdch z odoln\u00fdch typov dreva (teak, dub, ak\u00e1cia, ga\u0161tan, a pod.).<\/p>\n","protected":false},"featured_media":777,"comment_status":"open","ping_status":"closed","template":"","meta":[],"product_cat":[68],"product_tag":[],"acf":[],"_links":{"self":[{"href":"https:\/\/carodreva.sk\/eshop\/wp-json\/wp\/v2\/product\/774"}],"collection":[{"href":"https:\/\/carodreva.sk\/eshop\/wp-json\/wp\/v2\/product"}],"about":[{"href":"https:\/\/carodreva.sk\/eshop\/wp-json\/wp\/v2\/types\/product"}],"replies":[{"embeddable":true,"href":"https:\/\/carodreva.sk\/eshop\/wp-json\/wp\/v2\/comments?post=774"}],"wp:featuredmedia":[{"embeddable":true,"href":"https:\/\/carodreva.sk\/eshop\/wp-json\/wp\/v2\/media\/777"}],"wp:attachment":[{"href":"https:\/\/carodreva.sk\/eshop\/wp-json\/wp\/v2\/media?parent=774"}],"wp:term":[{"taxonomy":"product_cat","embeddable":true,"href":"https:\/\/carodreva.sk\/eshop\/wp-json\/wp\/v2\/product_cat?post=774"},{"taxonomy":"product_tag","embeddable":true,"href":"https:\/\/carodreva.sk\/eshop\/wp-json\/wp\/v2\/product_tag?post=774"}],"curies":[{"name":"wp","href":"https:\/\/api.w.org\/{rel}","templated":true}]}}