{"id":769,"date":"2022-06-02T09:14:39","date_gmt":"2022-06-02T07:14:39","guid":{"rendered":"https:\/\/carodreva.sk\/eshop\/?post_type=product&#038;p=769"},"modified":"2026-04-01T11:39:48","modified_gmt":"2026-04-01T09:39:48","slug":"belinka-olej-interier","status":"publish","type":"product","link":"https:\/\/carodreva.sk\/eshop\/produkt\/belinka-olej-interier\/","title":{"rendered":"Belinka Oil Interier"},"content":{"rendered":"<p>Belinka Oil Interier je bezfarebn\u00fd bio n\u00e1ter zlo\u017een\u00fd z pr\u00edrodn\u00fdch rastlinn\u00fdch olejov a voskov na kone\u010dn\u00fa povrchov\u00fa \u00fapravu a o\u0161etrenie dreva v interi\u00e9ri.<\/p>\n<ul>\n<li>Bezfarebn\u00e1 impregn\u00e1cia<\/li>\n<li>Ochrana dreven\u00fdch povrchov v interi\u00e9ri<\/li>\n<li>Na povrchu vytvor\u00ed tenk\u00fd film, ktor\u00fd poskytuje kvalitn\u00fa ochranu a pr\u00edjemn\u00fd hladk\u00fd povrch<\/li>\n<li>Naolejovan\u00fd povrch je vodeodoln\u00fd a schne r\u00fdchlo<\/li>\n<li>Vhodn\u00fd pre detsk\u00e9 hra\u010dky<\/li>\n<\/ul>\n<p>Pou\u017e\u00edva sa na ochranu a o\u0161etrenie prvkov z mas\u00edvneho dreva v interi\u00e9ri, ako je obklad stien a interi\u00e9rov\u00fd n\u00e1bytok predov\u0161etk\u00fdm, ak chceme dosiahnu\u0165 hladk\u00fd a celistv\u00fd povrch bez pou\u017eitia be\u017en\u00fdch n\u00e1terov. Je tie\u017e vhodn\u00fd na ochranu detsk\u00e9ho n\u00e1bytku (certifik\u00e1t EN 71-3, bezpe\u010dnos\u0165 detsk\u00fdch hra\u010diek).<\/p>\n<p>Odpor\u00fa\u010dame \u010distenie povrchu suchou handri\u010dkou, a tie\u017e pravidelne o\u0161etrova\u0165 povrch t\u00fdm ist\u00fdm v\u00fdrobkom. Intervaly obnovovania z\u00e1visia od mechanick\u00e9ho za\u0165a\u017eenia a dreven\u00e9ho predmetu.<\/p>\n<h4>Pou\u017e\u00edvanie:<\/h4>\n<p>Aplikujte na dreven\u00e9 povrchy bez mastn\u00f4t, vosku a in\u00fdch ne\u010dist\u00f4t. Pred aplik\u00e1ciou by mal by\u0165 dreven\u00fd povrch jemne vybr\u00fasen\u00fd a zbaven\u00fd prachu. Pred aplik\u00e1ciou oleja mus\u00ed by\u0165 drevo dobre vysu\u0161en\u00e9. Olej sa m\u00f4\u017ee nan\u00e1\u0161a\u0165 viacer\u00fdmi sp\u00f4sobmi, aj ke\u010f vo v\u00e4\u010d\u0161ine pr\u00edpadov sa nan\u00e1\u0161a handrou.<\/p>\n<p>In\u00fdmi met\u00f3dami s\u00fa: nan\u00e1\u0161anie \u0161tetcom alebo val\u010dekom. Na povrch by sa malo vylia\u0165 dostato\u010dn\u00e9 mno\u017estvo oleja a n\u00e1sledne ho rovnomerne rozotrie\u0165. Nechajte olej vsiaknu\u0165 po\u010das 1-3 min\u00fat. Utrite prebyto\u010dn\u00fd olej do \u010distej suchej handry alebo do absorp\u010dn\u00e9ho papiera, a n\u00e1sledne utrite povrch rovnomerne suchou handrou v smere vl\u00e1kna. Aby ste dosiahli zv\u00fd\u0161en\u00fa odolnos\u0165 dreva, odpor\u00fa\u010dame zopakova\u0165 proced\u00faru e\u0161te raz po 24 hodin\u00e1ch.<\/p>\n<p>Pri aplik\u00e1cii odpor\u00fa\u010dame pou\u017ei\u0165 ochrann\u00fd odev a ochrann\u00e9 pom\u00f4cky. Po\u010das aplik\u00e1cie zabezpe\u010dte dostato\u010dn\u00e9 vetranie. Neodpor\u00fa\u010dame nan\u00e1\u0161a\u0165 olej, ak je teplota ni\u017e\u0161ia ako 15 \u00b0C a relat\u00edvna vlhkos\u0165 vzduchu vy\u0161\u0161ia ako 75 %.<\/p>\n<p>Okam\u017eite po pou\u017eit\u00ed o\u010distite n\u00e1radie vodou a sapon\u00e1tom, pr\u00edp. priemyseln\u00fdm liehom.<\/p>\n<h4>Technick\u00e9 inform\u00e1cie:<\/h4>\n<p>Zlo\u017eenie:\u00a0modifikovan\u00e9 rastlinn\u00e9 oleje, vosky a pr\u00edsady. M\u00f4\u017ee sp\u00f4sobi\u0165 alergick\u00fa reakciu.<\/p>\n<p>Spotreba:\u00a050\u201380 ml\/m<sup>2<\/sup>\u00a0povrchu dreva (z\u00e1vis\u00ed od druhu, nasiakavosti a opracovania dreva a od sp\u00f4sobu nan\u00e1\u0161ania).<\/p>\n<p>Schnutie:\u00a024 hod\u00edn (za norm\u00e1lnych podmienok, T = 20 \u00b0C, relat\u00edvna vlhkos\u0165 vzduchu 65 %). Pri ni\u017e\u0161\u00edch teplot\u00e1ch alebo vy\u0161\u0161ej relat\u00edvnej vlhkosti vzduchu sa doba schnutia predl\u017euje.<\/p>\n<p>\u010cistenie n\u00e1radia:\u00a0s vodou, sapon\u00e1tom alebo priemyseln\u00fdm liehom.<\/p>\n<p>Skladovanie:\u00a0v origin\u00e1lne uzatvorenom obale pri teplote 5\u201330 \u00b0C.<\/p>\n<p>Bod vzplanutia:\u00a0nad 65 \u00b0C.<\/p>\n","protected":false},"excerpt":{"rendered":"<p>Belinka Oil Interier je bezfarebn\u00fd bio n\u00e1ter zlo\u017een\u00fd z pr\u00edrodn\u00fdch rastlinn\u00fdch olejov a voskov na kone\u010dn\u00fa povrchov\u00fa \u00fapravu a o\u0161etrenie dreva v interi\u00e9ri.<\/p>\n","protected":false},"featured_media":770,"comment_status":"open","ping_status":"closed","template":"","meta":[],"product_cat":[67],"product_tag":[],"acf":[],"_links":{"self":[{"href":"https:\/\/carodreva.sk\/eshop\/wp-json\/wp\/v2\/product\/769"}],"collection":[{"href":"https:\/\/carodreva.sk\/eshop\/wp-json\/wp\/v2\/product"}],"about":[{"href":"https:\/\/carodreva.sk\/eshop\/wp-json\/wp\/v2\/types\/product"}],"replies":[{"embeddable":true,"href":"https:\/\/carodreva.sk\/eshop\/wp-json\/wp\/v2\/comments?post=769"}],"wp:featuredmedia":[{"embeddable":true,"href":"https:\/\/carodreva.sk\/eshop\/wp-json\/wp\/v2\/media\/770"}],"wp:attachment":[{"href":"https:\/\/carodreva.sk\/eshop\/wp-json\/wp\/v2\/media?parent=769"}],"wp:term":[{"taxonomy":"product_cat","embeddable":true,"href":"https:\/\/carodreva.sk\/eshop\/wp-json\/wp\/v2\/product_cat?post=769"},{"taxonomy":"product_tag","embeddable":true,"href":"https:\/\/carodreva.sk\/eshop\/wp-json\/wp\/v2\/product_tag?post=769"}],"curies":[{"name":"wp","href":"https:\/\/api.w.org\/{rel}","templated":true}]}}