{"id":752,"date":"2022-06-01T15:16:36","date_gmt":"2022-06-01T13:16:36","guid":{"rendered":"https:\/\/carodreva.sk\/eshop\/?post_type=product&#038;p=752"},"modified":"2026-04-01T11:41:29","modified_gmt":"2026-04-01T09:41:29","slug":"belinka-illumina","status":"publish","type":"product","link":"https:\/\/carodreva.sk\/eshop\/produkt\/belinka-illumina\/","title":{"rendered":"Belinka Illumina"},"content":{"rendered":"<p>Illumina je laz\u00farovac\u00ed n\u00e1ter pre zosvetlenie tmav\u00fdch laz\u00far.<\/p>\n<ul>\n<li>Zosvet\u013euje tmav\u00e9 laz\u00farov\u00e9 n\u00e1tery<\/li>\n<li>Nie je vhodn\u00e1 ako samostatn\u00fd n\u00e1ter<\/li>\n<li>Illuminu je mo\u017en\u00e9 pretrie\u0165 ak\u00fdmko\u013evek odtie\u0148om laz\u00fary<\/li>\n<li>Je vhodn\u00e1 na pou\u017eitie v exteri\u00e9ri<\/li>\n<\/ul>\n<p>Tmav\u00fd povrch dreva natrieme s Illuminou, ktor\u00e1 je dostato\u010dne svetl\u00e1 a dobre ho prekr\u00fdva. Potom nanesieme zvolen\u00fa laz\u00faru vo svetlom alebo v akomko\u013evek inom odtieni (Toplasur UV Plus). Illumina je vhodn\u00e1 na pou\u017eitie v exteri\u00e9ri.<\/p>\n<h4>Varovania:<\/h4>\n<p>Illumina je v\u00fdrobok, ktor\u00fd je n\u00e1ro\u010dn\u00fd na pr\u00e1cu a potrebuje sk\u00fasen\u00fa ruku. N\u00e1ro\u010dn\u00e9, ve\u013emi r\u00f4znorod\u00e9 prvky (napr. okenice) predstavuj\u00fa osobitn\u00fd probl\u00e9m. Pri natieran\u00ed tak\u00fdch prvkov mus\u00edme d\u00e1va\u0165 ve\u013ek\u00fd pozor na zatekanie n\u00e1terov, preto\u017ee zate\u010den\u00e9 zaschnut\u00e9 miesta nem\u00f4\u017eeme nesk\u00f4r opravi\u0165.<\/p>\n<p>Ve\u013ek\u00fd pozor mus\u00edme d\u00e1va\u0165 aj na poveternostn\u00e9 podmienky po\u010das natierania a schnutia. Ide\u00e1lne podmienky na natieranie s\u00fa pri teplote od 15 do 25 \u00b0C a relat\u00edvnej vlhkosti vzduchu pod 80 %. D\u00f4le\u017eit\u00e9 je aj, aby drevo, resp. podklad bol such\u00fd. V da\u017ediv\u00fdch d\u0148och je lep\u0161ie s natieran\u00edm Illuminou po\u010dka\u0165 na vhodnej\u0161ie po\u010dasie. Vyh\u00fdbame sa aj natieraniu na silnom slnku.<\/p>\n<h4>Pou\u017e\u00edvanie:<\/h4>\n<p>Nezrieden\u00fd v\u00fdrobok nan\u00e1\u0161ame \u0161tetcom alebo val\u010dekom v 1-2 n\u00e1teroch na such\u00e9 a vhodne pripraven\u00e9 drevo. Pr\u00edprava povrchu a po\u010det n\u00e1terov z\u00e1visia od miery po\u0161kodenia povrchu a vy\u017eadovan\u00e9ho kone\u010dn\u00e9ho vzh\u013eadu. V pr\u00edpade ve\u013emi po\u0161koden\u00e9ho povrchu vstreb\u00e1va povrch viac n\u00e1teru, preto je nevyhnutn\u00e9 aplikova\u0165 aspo\u0148 2 n\u00e1tery v\u00fdrobku Illumina. Za norm\u00e1lnych poveternostn\u00fdch podmienok \u010das su\u0161enia medzi jednotliv\u00fdmi vrstvami n\u00e1terov by mal by\u0165 24 hod\u00edn. Pri n\u00edzkych teplot\u00e1ch a vysokej relat\u00edvnej vlhkosti vzduchu sa \u010das su\u0161enia n\u00e1teru predl\u017euje. Tak\u00fdmto sp\u00f4sobom o\u0161etren\u00fd a such\u00fd povrch v\u017edy pretreme e\u0161te jednou vrstvou vybran\u00e9ho farebn\u00e9ho t\u00f3nu laz\u00fary (Toplasur UV Plus), ktor\u00e1 povrch ochr\u00e1ni pred vplyvmi po\u010dasia. Lep\u0161\u00ed kone\u010dn\u00fd vzh\u013ead dreven\u00e9ho prvku z\u00edskame, ak povrch pred natieran\u00edm jemne prebr\u00fasime brusn\u00fdm papierom s granul\u00e1ciou 220-280 a n\u00e1sledne opr\u00e1\u0161ime. N\u00e1radie \u010dist\u00edme priemyseln\u00fdm liehom.<\/p>\n<h4>Technick\u00e9 inform\u00e1cie:<\/h4>\n<p>Zlo\u017eenie: alkydov\u00e9 \u017eivice, pigmenty odoln\u00e9 vo\u010di svetlu a po\u010dasiu, UV filtre a rozp\u00fa\u0161\u0165adl\u00e1\u00a0Po\u010det n\u00e1terov: 1\u20132 n\u00e1tery (v z\u00e1vislosti od po\u0161kodenia dreva a vzh\u013eadom na \u017eelan\u00fd v\u00fdsledn\u00fd vzh\u013ead)<\/p>\n<p>Spotreba: 1 l na 15\u201325 m<sup>2<\/sup>\u00a0povrchu v jednom n\u00e1nose (v z\u00e1vislosti od povrchovej \u00fapravy a sp\u00f4sobu nan\u00e1\u0161ania n\u00e1teru)<\/p>\n<p>Schnutie: \u010fal\u0161\u00ed n\u00e1ter po 24 hodin\u00e1ch (za norm\u00e1lnych podmienok)<\/p>\n<p>\u010cistenie n\u00e1radia: priemyseln\u00fdm liehom<\/p>\n<p>Skladovanie: v origin\u00e1lnom uzavretom balen\u00ed pri teplote ni\u017e\u0161ej ako 30 \u00b0C, uchov\u00e1va\u0165 mimo dosah det\u00ed Bod vznietenia: nad 61 \u00b0C<\/p>\n","protected":false},"excerpt":{"rendered":"<p>Illumina je laz\u00farovac\u00ed n\u00e1ter pre zosvetlenie tmav\u00fdch laz\u00far.<\/p>\n","protected":false},"featured_media":753,"comment_status":"open","ping_status":"closed","template":"","meta":[],"product_cat":[69],"product_tag":[],"acf":[],"_links":{"self":[{"href":"https:\/\/carodreva.sk\/eshop\/wp-json\/wp\/v2\/product\/752"}],"collection":[{"href":"https:\/\/carodreva.sk\/eshop\/wp-json\/wp\/v2\/product"}],"about":[{"href":"https:\/\/carodreva.sk\/eshop\/wp-json\/wp\/v2\/types\/product"}],"replies":[{"embeddable":true,"href":"https:\/\/carodreva.sk\/eshop\/wp-json\/wp\/v2\/comments?post=752"}],"wp:featuredmedia":[{"embeddable":true,"href":"https:\/\/carodreva.sk\/eshop\/wp-json\/wp\/v2\/media\/753"}],"wp:attachment":[{"href":"https:\/\/carodreva.sk\/eshop\/wp-json\/wp\/v2\/media?parent=752"}],"wp:term":[{"taxonomy":"product_cat","embeddable":true,"href":"https:\/\/carodreva.sk\/eshop\/wp-json\/wp\/v2\/product_cat?post=752"},{"taxonomy":"product_tag","embeddable":true,"href":"https:\/\/carodreva.sk\/eshop\/wp-json\/wp\/v2\/product_tag?post=752"}],"curies":[{"name":"wp","href":"https:\/\/api.w.org\/{rel}","templated":true}]}}