{"id":694,"date":"2022-06-01T09:50:51","date_gmt":"2022-06-01T07:50:51","guid":{"rendered":"https:\/\/carodreva.sk\/eshop\/?post_type=product&#038;p=694"},"modified":"2026-04-01T11:37:27","modified_gmt":"2026-04-01T09:37:27","slug":"belinka-exterier","status":"publish","type":"product","link":"https:\/\/carodreva.sk\/eshop\/produkt\/belinka-exterier\/","title":{"rendered":"Belinka Exterier"},"content":{"rendered":"<p>N\u00e1tery ur\u010den\u00e9 na vonkaj\u0161ie pou\u017eitie musia odol\u00e1va\u0165 predov\u0161etk\u00fdm vplyvom po\u010dasia, musia chr\u00e1ni\u0165 drevo pred \u0161kodliv\u00fdm vplyvom \u00daV \u017eiarenia.<\/p>\n<ul>\n<li>Chr\u00e1ni pred vlhkos\u0165ou, UV \u017eiaren\u00edm a \u010fal\u0161\u00edmi \u0161kodliv\u00fdmi vplyvmi prostredia<\/li>\n<li>Zabra\u0148uj\u00faci \u0161\u00edreniu plesn\u00ed a rias na povrchu<\/li>\n<li>Nelep\u00ed<\/li>\n<li>9 farebn\u00fdch odtie\u0148ov<\/li>\n<li>MIX<\/li>\n<\/ul>\n<p>Exterier preto obsahuje odoln\u00e9 pigmenty, \u0161peci\u00e1lne UV absorb\u00e9ry a nano-filtre. Exterier chr\u00e1ni drevo aj pred vlhkos\u0165ou a in\u00fdmi vplyvmi vonkaj\u0161ieho prostredia. Belinka Exterier m\u00e1 hodv\u00e1bny lesk.<\/p>\n<p>Ka\u017ed\u00e9 mechanick\u00e9 po\u0161kodenie n\u00e1teru (skrutka, krupobitie, odreniny, praskliny) mus\u00edme \u010do najsk\u00f4r opravi\u0165 Exterierom. Najd\u00f4le\u017eitej\u0161ie je to pri svetl\u00fdch odtie\u0148och, preto\u017ee by mohli na nich vznikn\u00fa\u0165 tmav\u00e9 \u0161kvrny, ktor\u00e9 je mo\u017en\u00e9 odstr\u00e1ni\u0165 len natret\u00edm tmav\u0161\u00edm odtie\u0148om. Ka\u017ed\u00e9 nesanovan\u00e9 po\u0161kodenie m\u00f4\u017ee sp\u00f4sobi\u0165 aj odlupovanie n\u00e1teru.<\/p>\n<p>Pri navrhovan\u00ed dreven\u00fdch kon\u0161trukci\u00ed je nutn\u00e9 d\u00e1va\u0165 pozor, aby sa nikde v dreve nezdr\u017eovala voda, preto\u017ee to sp\u00f4sobuje r\u00fdchlej\u0161iu degrad\u00e1ciu n\u00e1teru a dreva. Prie\u010dne rezy je pred mont\u00e1\u017eou potrebn\u00e9 v\u00fddatnej\u0161ie o\u0161etri\u0165 Impregnantom a Exterierom, preto\u017ee na t\u00fdchto miestach je drevo najviac nasiakav\u00e9. Aj pr\u00edli\u0161 tenk\u00e9 vrstvy podstatne skracuj\u00fa trvanlivos\u0165 n\u00e1teru. Odpor\u00fa\u010dame, aby dreven\u00e9 prvky nemali ostr\u00e9 hrany, preto\u017ee na nich b\u00fdva vrstva n\u00e1teru pr\u00edli\u0161 tenk\u00e1. Aby sme zabezpe\u010dili vhodn\u00fa hr\u00fabku n\u00e1teru, je potrebn\u00e9 dodr\u017ea\u0165 \u00fadaj o spotrebe na m\u00b2, ktor\u00fd je uveden\u00fd na obale.<\/p>\n<h4>Varovania:<\/h4>\n<p>Pr\u00edrodne bezfarebn\u00fd Exterier \u2013 \u010d. 61 nie je vhodn\u00fd ako koncov\u00fd n\u00e1ter na tmav\u00e9 laz\u00fary, ani na natieranie tmav\u0161\u00edch druhov dreva, preto\u017ee \u0161peci\u00e1lne UV absorb\u00e9ry a nano-filtre m\u00f4\u017eu sp\u00f4sobi\u0165 mlie\u010dny vzh\u013ead povrchu. Vplyvom po\u010dasia odol\u00e1va menej ako pigmentovan\u00fd Exterier, preto ho treba \u010dastej\u0161ie obnovova\u0165. Pri natieran\u00ed dreva Exterierom \u010d. 61 odpor\u00fa\u010dame 3 vrstvy laz\u00fary.<\/p>\n<h4>Pou\u017e\u00edvanie:<\/h4>\n<p>Drevo mus\u00ed by\u0165 such\u00e9, prebr\u00fasen\u00e9 a \u010dist\u00e9. Exterier pred pou\u017eit\u00edm dobre premie\u0161ame. Nezrieden\u00fd ho nan\u00e1\u0161ame \u0161tetcom alebo val\u010dekom v 2 vrstv\u00e1ch.<\/p>\n<p>D\u00f4le\u017eit\u00e9 je, aby pou\u017eit\u00e9 n\u00e1radie bolo z nehrdzavej\u00faceho materi\u00e1lu, val\u010deky musia ma\u0165 kr\u00e1tky vlas, nevhodn\u00e9 s\u00fa penov\u00e9 val\u010deky. Drevo, ktor\u00e9 natierame prv\u00fdkr\u00e1t, najsk\u00f4r ochr\u00e1nime v\u00fdrobkom Belinka Impregnant, ktor\u00fd drevo prevent\u00edvne chr\u00e1ni pred hnilobou, modran\u00edm a hmyzom.<\/p>\n<p>Prv\u00fd n\u00e1ter je such\u00fd po 4 a\u017e 6 hodin\u00e1ch pri 20\u00a0<sup>o<\/sup>C a 65 % relat\u00edvnej vlhkosti vzduchu, potom m\u00f4\u017eeme nanies\u0165 nasleduj\u00facu vrstvu. Pri ni\u017e\u0161\u00edch teplot\u00e1ch resp. vysokej vlhkosti vzduchu n\u00e1ter schne pomal\u0161ie. T\u00fdm sa predl\u017euje otvoren\u00e1 doba n\u00e1teru, \u010do znamen\u00e1, \u017ee m\u00e1me viac mo\u017enost\u00ed n\u00e1ter roztiahnu\u0165 alebo ho opravi\u0165.<\/p>\n<p>Pri natieran\u00ed v\u00e4\u010d\u0161\u00edch pl\u00f4ch m\u00f4\u017eu z titulu r\u00fdchleho schnutia zosta\u0165 na povrchu \u0161kvrny. Preto odpor\u00fa\u010dame pou\u017ei\u0165 val\u010dek, hrany a ryhy opravujeme priebe\u017ene \u0161tetcom. Drevo v\u017edy natierame pozd\u013a\u017e vl\u00e1kien. Belinka Exterier vodn\u00e1 disperzia mlie\u010dneho vzh\u013eadu. Pri natieran\u00ed vznikne najsk\u00f4r mlie\u010dny film, ktor\u00fd po zaschnut\u00ed zostane priezra\u010dn\u00fd.<\/p>\n<p>Vzh\u013ead povrchu bude lep\u0161\u00ed, ak ho po prvom n\u00e1tere jemne prebr\u00fasime a odpr\u00e1\u0161ime.<\/p>\n<p>Teplota pri natieran\u00ed nesmie by\u0165 ni\u017e\u0161ia ako 10 \u00b0C. Drevo nenatierame na prudkom slnku.<\/p>\n<h4>Technick\u00e9 inform\u00e1cie:<\/h4>\n<p>Zlo\u017eenie: akryl\u00e1tov\u00e9 \u017eivice, vode odoln\u00e9 l\u00e1tky, konzerva\u010dn\u00fd film, UV absorb\u00e9ry a nano-filtre svetlost\u00e1le pigmenty, adit\u00edva a voda<\/p>\n<p>Nan\u00e1\u0161anie: 2 vrstvy (najprv nanesenie Impregnantu); pri ochrane dreva pr\u00edpravkem Exterier \u010d. 61 odpor\u00fa\u010dame 3 vrstvy<\/p>\n<p>Spotreba: 1 litrom laz\u00fary v dvoch vrstv\u00e1ch natrieme 8\u201310 m<sup>2<\/sup>\u00a0dreva, z\u00e1vis\u00ed to od druhu a opracovania dreva a od sp\u00f4sobu nan\u00e1\u0161ania<\/p>\n<p>Schnutie: 4\u20136 hod\u00edn, \u010fal\u0161iu vrstvu nanesieme po 6 hodin\u00e1ch (za norm\u00e1lnych podmienok)<\/p>\n<p>\u010cistenie n\u00e1radia: vodou a detergentom<\/p>\n<p>Skladovanie: v origin\u00e1lnom balen\u00ed pri teplote 5\u201330 \u00b0C. Nesmie zmrzn\u00fa\u0165!<\/p>\n<p>&nbsp;<\/p>\n","protected":false},"excerpt":{"rendered":"<p>N\u00e1tery ur\u010den\u00e9 na vonkaj\u0161ie pou\u017eitie musia odol\u00e1va\u0165 predov\u0161etk\u00fdm vplyvom po\u010dasia, musia chr\u00e1ni\u0165 drevo pred \u0161kodliv\u00fdm vplyvom \u00daV \u017eiarenia.<\/p>\n","protected":false},"featured_media":2840,"comment_status":"open","ping_status":"closed","template":"","meta":[],"product_cat":[63],"product_tag":[],"acf":[],"_links":{"self":[{"href":"https:\/\/carodreva.sk\/eshop\/wp-json\/wp\/v2\/product\/694"}],"collection":[{"href":"https:\/\/carodreva.sk\/eshop\/wp-json\/wp\/v2\/product"}],"about":[{"href":"https:\/\/carodreva.sk\/eshop\/wp-json\/wp\/v2\/types\/product"}],"replies":[{"embeddable":true,"href":"https:\/\/carodreva.sk\/eshop\/wp-json\/wp\/v2\/comments?post=694"}],"wp:featuredmedia":[{"embeddable":true,"href":"https:\/\/carodreva.sk\/eshop\/wp-json\/wp\/v2\/media\/2840"}],"wp:attachment":[{"href":"https:\/\/carodreva.sk\/eshop\/wp-json\/wp\/v2\/media?parent=694"}],"wp:term":[{"taxonomy":"product_cat","embeddable":true,"href":"https:\/\/carodreva.sk\/eshop\/wp-json\/wp\/v2\/product_cat?post=694"},{"taxonomy":"product_tag","embeddable":true,"href":"https:\/\/carodreva.sk\/eshop\/wp-json\/wp\/v2\/product_tag?post=694"}],"curies":[{"name":"wp","href":"https:\/\/api.w.org\/{rel}","templated":true}]}}