{"id":681,"date":"2022-06-01T15:50:25","date_gmt":"2022-06-01T13:50:25","guid":{"rendered":"https:\/\/carodreva.sk\/eshop\/?post_type=product&#038;p=681"},"modified":"2026-04-21T08:05:37","modified_gmt":"2026-04-21T06:05:37","slug":"bori-lakova-lazura","status":"publish","type":"product","link":"https:\/\/carodreva.sk\/eshop\/produkt\/bori-lakova-lazura\/","title":{"rendered":"BORI lakov\u00e1 laz\u00fara"},"content":{"rendered":"<p>Na ochranu a dekor\u00e1ciu dreva pred poveternostn\u00fdmi vplyvmi. Vhodn\u00e1 na natieranie okien, dver\u00ed, roliet, oken\u00edc, obkladov, ch\u00e1t, at\u010f.<\/p>\n<h4>Vlastnosti:<\/h4>\n<ul>\n<li>30 %\u00a0dlhodobej\u0161ia ochrana dreva pred poveternostn\u00fdmi vplyvmi<\/li>\n<li>Bohat\u00fd a leskl\u00fd povrch<\/li>\n<li>Obsahuje vosk, ktor\u00fd posil\u0148uje vodeodolnos\u0165 n\u00e1teru<\/li>\n<li>Dimension\u00e1lna stabilita dreva<\/li>\n<li>Elasticita \u2013 ochrann\u00fd film neprask\u00e1, ani sa nel\u00fape<\/li>\n<li>\u0160irok\u00fd v\u00fdber farebn\u00fdch odtie\u0148ov<\/li>\n<\/ul>\n<h4>Spotreba:<\/h4>\n<p>1 l n\u00e1teru pokryje 16 &#8211; 20 m\u00b2 povrchu v jednom n\u00e1tere.<\/p>\n<h4>Farebn\u00e9 odtiene:<\/h4>\n<p>Bezfarebn\u00e1 + 11 \u0161tandardn\u00fdch farebn\u00fdch odtie\u0148ov.<\/p>\n<h4>Tip:<\/h4>\n<p>Pred pou\u017eit\u00edm v\u00fdrobku si pre\u010d\u00edtajte prilo\u017een\u00fa technick\u00fa inform\u00e1ciu. Skladujte pri teplote medzi +5 \u00b0C a 35 \u00b0C a nevystavujte ho priamemu slne\u010dn\u00e9mu \u017eiareniu. Nevylievajte v\u00fdrobok do odpadov\u00fdch syst\u00e9mov.<\/p>\n<div class=\"usage-manual\">\n<h4>Manu\u00e1l na pou\u017eitie:<\/h4>\n<ul>\n<li><img src=\"\/eshop\/wp-assets\/uploads\/web\/pictograms\/povrchy-interier-exterier.png\" \/>Povrchy v interi\u00e9ri aj v exteri\u00e9ri<\/li>\n<li><img src=\"\/eshop\/wp-assets\/uploads\/web\/pictograms\/pred-pouzitim-premiesajte.png\" \/>Pred pou\u017eit\u00edm dobre zamie\u0161ajte<\/li>\n<li><img src=\"\/eshop\/wp-assets\/uploads\/web\/pictograms\/neriedit-riedidlom.png\" \/>Tento v\u00fdrobok sa neriedi riedidlom<\/li>\n<li><img src=\"\/eshop\/wp-assets\/uploads\/web\/pictograms\/nanasanie-valcekom-stetcom.png\" \/>Nan\u00e1\u0161anie val\u010dekom alebo \u0161tetcom<\/li>\n<li><img src=\"\/eshop\/wp-assets\/uploads\/web\/pictograms\/cistenie-naradia-riedidlom.png\" \/>\u010cistenie n\u00e1strojov s riedidlom<\/li>\n<li><img src=\"\/eshop\/wp-assets\/uploads\/web\/pictograms\/cas-susenia-24h.png\" \/>Doba schnutia medzi jednotliv\u00fdmi n\u00e1termi: 24 h<\/li>\n<li><img src=\"\/eshop\/wp-assets\/uploads\/web\/pictograms\/podmienky-pri-10-25c.png\" \/>Pracovn\u00e9 podmienky pri 10-25 \u00b0C<\/li>\n<\/ul>\n<\/div>\n","protected":false},"excerpt":{"rendered":"<p>Na ochranu a dekor\u00e1ciu dreva pred poveternostn\u00fdmi vplyvmi. Vhodn\u00e1 na natieranie okien, dver\u00ed, roliet, oken\u00edc, obkladov, ch\u00e1t, at\u010f.<\/p>\n","protected":false},"featured_media":682,"comment_status":"open","ping_status":"closed","template":"","meta":[],"product_cat":[64],"product_tag":[],"acf":[],"_links":{"self":[{"href":"https:\/\/carodreva.sk\/eshop\/wp-json\/wp\/v2\/product\/681"}],"collection":[{"href":"https:\/\/carodreva.sk\/eshop\/wp-json\/wp\/v2\/product"}],"about":[{"href":"https:\/\/carodreva.sk\/eshop\/wp-json\/wp\/v2\/types\/product"}],"replies":[{"embeddable":true,"href":"https:\/\/carodreva.sk\/eshop\/wp-json\/wp\/v2\/comments?post=681"}],"wp:featuredmedia":[{"embeddable":true,"href":"https:\/\/carodreva.sk\/eshop\/wp-json\/wp\/v2\/media\/682"}],"wp:attachment":[{"href":"https:\/\/carodreva.sk\/eshop\/wp-json\/wp\/v2\/media?parent=681"}],"wp:term":[{"taxonomy":"product_cat","embeddable":true,"href":"https:\/\/carodreva.sk\/eshop\/wp-json\/wp\/v2\/product_cat?post=681"},{"taxonomy":"product_tag","embeddable":true,"href":"https:\/\/carodreva.sk\/eshop\/wp-json\/wp\/v2\/product_tag?post=681"}],"curies":[{"name":"wp","href":"https:\/\/api.w.org\/{rel}","templated":true}]}}