{"id":564,"date":"2022-05-07T13:12:40","date_gmt":"2022-05-07T11:12:40","guid":{"rendered":"https:\/\/carodreva.sk\/eshop\/?post_type=product&#038;p=564"},"modified":"2026-04-26T23:49:57","modified_gmt":"2026-04-26T21:49:57","slug":"belinka-impregnant","status":"publish","type":"product","link":"https:\/\/carodreva.sk\/eshop\/produkt\/belinka-impregnant\/","title":{"rendered":"Belinka Impregnant Active"},"content":{"rendered":"<p>Impregnant Active pou\u017e\u00edvame na drevo, ktor\u00e9 kv\u00f4li svojej nedostato\u010dnej odolnosti alebo polohe vy\u017eaduje chemick\u00fa ochranu.<\/p>\n<ul>\n<li>Z\u00e1kladn\u00fd n\u00e1ter pre v\u0161etky druhy dreva<\/li>\n<li>Chr\u00e1ni pred hmyzom, hnilobou a modran\u00edm<\/li>\n<li>Obsahuje najmodernej\u0161ie bioc\u00eddy<\/li>\n<\/ul>\n<p>Jedn\u00e1 sa o drevo, ktor\u00e9 je vystaven\u00e9 vplyvom po\u010dasia a drevo vo vlhk\u00fdch miestnostiach. Takto vystaven\u00e9 dreven\u00e9 prvky (okn\u00e1, dvere, fas\u00e1dne obklady, ploty, rolety) je potrebn\u00e9 po nanesen\u00ed Impregnantu Active \u010do najsk\u00f4r o\u0161etri\u0165 e\u0161te n\u00e1termi, ktor\u00e9 s\u00fa odoln\u00e9 proti vplyvom po\u010dasia.<\/p>\n<p>V\u00fdrobok je bezfarebn\u00fd, obsahuje len to\u013eko pigmentu, aby sme pri natieran\u00ed \u013eah\u0161ie mohli sledova\u0165, kde u\u017e bol Impregnant Active aplikovan\u00fd.<\/p>\n<h4>Varovania:<\/h4>\n<p>Pou\u017e\u00edvajte v dobre vetran\u00fdch priestoroch. Nevylievajte do kanaliz\u00e1cie. Tekut\u00fd odpad alebo pr\u00e1zdne obaly odovzdajte ako nebezpe\u010dn\u00fd odpad. V pr\u00edpade nehody alebo ak sa nec\u00edtite dobre, ihne\u010f vyh\u013eadajte lek\u00e1rsku pomoc &#8211; uk\u00e1\u017ete obal.<\/p>\n<p><strong>Pou\u017e\u00edvajte bioc\u00eddy bezpe\u010dn\u00fdm sp\u00f4sobom. Pred pou\u017eit\u00edm si v\u017edy pre\u010d\u00edtajte etiketu a inform\u00e1cie o v\u00fdrobku.<\/strong><\/p>\n<p><img class=\"size-full wp-image-5008 alignleft\" src=\"https:\/\/carodreva.sk\/eshop\/wp-assets\/uploads\/2022\/05\/Impregnant-bezpecnost.jpg\" alt=\"\" width=\"1896\" height=\"1804\" srcset=\"https:\/\/carodreva.sk\/eshop\/wp-assets\/uploads\/2022\/05\/Impregnant-bezpecnost.jpg 1896w, https:\/\/carodreva.sk\/eshop\/wp-assets\/uploads\/2022\/05\/Impregnant-bezpecnost-300x285.jpg 300w, https:\/\/carodreva.sk\/eshop\/wp-assets\/uploads\/2022\/05\/Impregnant-bezpecnost-1024x974.jpg 1024w, https:\/\/carodreva.sk\/eshop\/wp-assets\/uploads\/2022\/05\/Impregnant-bezpecnost-768x731.jpg 768w, https:\/\/carodreva.sk\/eshop\/wp-assets\/uploads\/2022\/05\/Impregnant-bezpecnost-1536x1461.jpg 1536w, https:\/\/carodreva.sk\/eshop\/wp-assets\/uploads\/2022\/05\/Impregnant-bezpecnost-150x143.jpg 150w, https:\/\/carodreva.sk\/eshop\/wp-assets\/uploads\/2022\/05\/Impregnant-bezpecnost-696x662.jpg 696w, https:\/\/carodreva.sk\/eshop\/wp-assets\/uploads\/2022\/05\/Impregnant-bezpecnost-1068x1016.jpg 1068w, https:\/\/carodreva.sk\/eshop\/wp-assets\/uploads\/2022\/05\/Impregnant-bezpecnost-600x571.jpg 600w\" sizes=\"(max-width: 1896px) 100vw, 1896px\" \/><\/p>\n<h4>Pou\u017e\u00edvanie:<\/h4>\n<p>Drevo mus\u00ed by\u0165 such\u00e9, prebr\u00fasen\u00e9 a \u010dist\u00e9. Impregnant Active pred pou\u017eit\u00edm dobre premie\u0161ame. Nesmieme ho riedi\u0165.<\/p>\n<p>Nan\u00e1\u0161ame ho \u0161tetcom, val\u010dekom, pon\u00e1ran\u00edm alebo polievan\u00edm tak, aby sme drevo o\u0161etrili zo v\u0161etk\u00fdch str\u00e1n. Zvl\u00e1\u0161\u0165 d\u00f4kladne ho aplikujeme na prie\u010dne rezy. D\u00f4le\u017eit\u00e9 je, aby pou\u017eit\u00e9 n\u00e1radie bolo z nehrdzavej\u00faceho materi\u00e1lu.<\/p>\n<p>Impregn\u00e1cia zaschne po 6 \u2013 8 hodin\u00e1ch. Pri ni\u017e\u0161\u00edch teplot\u00e1ch resp. vysokej vlhkosti vzduchu n\u00e1ter zaschne nesk\u00f4r. Povrchov\u00fd n\u00e1ter m\u00f4\u017eeme aplikova\u0165 a\u017e po \u00faplnom zaschnut\u00ed Impregnantu Active, za norm\u00e1lnych podmienok to je po 12 hodin\u00e1ch, pri ni\u017e\u0161\u00edch teplot\u00e1ch po 24 hodin\u00e1ch.<\/p>\n<p>Teplota pri natieran\u00ed nesmie by\u0165 ni\u017e\u0161ia ako 10\u00b0C.Pou\u017eitie impregn\u00e1cie neodpor\u00fa\u010dame v sp\u00e1l\u0148ach a in\u00fdch uzatvoren\u00fdch miestnostiach, kde tr\u00e1vime viacej \u010dasu, okrem men\u0161\u00edch povrchov, ako s\u00fa okn\u00e1 a dvere.<\/p>\n<h4>Technick\u00e9 inform\u00e1cie:<\/h4>\n<p>Zlo\u017eenie: alkydov\u00e9 \u017eivice, bioc\u00eddy, adit\u00edva a voda<\/p>\n<p>Spotreba: 5\u201310 m<sup>2\u00a0<\/sup>dreva\/l, z\u00e1vis\u00ed to od druhu a opracovania dreva a od sp\u00f4sobu nan\u00e1\u0161ania<\/p>\n<p>Schnutie: 6\u20138 hod\u00edn, \u010fal\u0161iu vrstvu nanesieme po 12 hodin\u00e1ch (za norm\u00e1lnych podmienok)<\/p>\n<p>\u010cistenie n\u00e1radia: vodou a detergentom<\/p>\n<p>Skladovanie: v origin\u00e1lnom balen\u00ed pri teplote 5\u201330 \u00b0C. Nesmie zmrzn\u00fa\u0165!<\/p>\n<p>&nbsp;<\/p>\n","protected":false},"excerpt":{"rendered":"<p>Impregnant Active pou\u017e\u00edvame na drevo, ktor\u00e9 kv\u00f4li svojej nedostato\u010dnej odolnosti alebo polohe vy\u017eaduje chemick\u00fa ochranu.<\/p>\n","protected":false},"featured_media":4666,"comment_status":"open","ping_status":"closed","template":"","meta":[],"product_cat":[58,57],"product_tag":[],"acf":[],"_links":{"self":[{"href":"https:\/\/carodreva.sk\/eshop\/wp-json\/wp\/v2\/product\/564"}],"collection":[{"href":"https:\/\/carodreva.sk\/eshop\/wp-json\/wp\/v2\/product"}],"about":[{"href":"https:\/\/carodreva.sk\/eshop\/wp-json\/wp\/v2\/types\/product"}],"replies":[{"embeddable":true,"href":"https:\/\/carodreva.sk\/eshop\/wp-json\/wp\/v2\/comments?post=564"}],"wp:featuredmedia":[{"embeddable":true,"href":"https:\/\/carodreva.sk\/eshop\/wp-json\/wp\/v2\/media\/4666"}],"wp:attachment":[{"href":"https:\/\/carodreva.sk\/eshop\/wp-json\/wp\/v2\/media?parent=564"}],"wp:term":[{"taxonomy":"product_cat","embeddable":true,"href":"https:\/\/carodreva.sk\/eshop\/wp-json\/wp\/v2\/product_cat?post=564"},{"taxonomy":"product_tag","embeddable":true,"href":"https:\/\/carodreva.sk\/eshop\/wp-json\/wp\/v2\/product_tag?post=564"}],"curies":[{"name":"wp","href":"https:\/\/api.w.org\/{rel}","templated":true}]}}