{"id":546,"date":"2022-05-06T12:39:49","date_gmt":"2022-05-06T10:39:49","guid":{"rendered":"https:\/\/carodreva.sk\/eshop\/?post_type=product&#038;p=546"},"modified":"2026-04-01T10:56:11","modified_gmt":"2026-04-01T08:56:11","slug":"bori-aqua-impregnacia-s-biocidmi","status":"publish","type":"product","link":"https:\/\/carodreva.sk\/eshop\/produkt\/bori-aqua-impregnacia-s-biocidmi\/","title":{"rendered":"BORI Aqua impregn\u00e1cia s bioc\u00eddmi"},"content":{"rendered":"<p>Pou\u017e\u00edva sa na z\u00e1kladn\u00fa ochranu dreven\u00fdch prvkov, ktor\u00e9 s\u00fa vystaven\u00e9 poveternostn\u00fdm vplyvom v exteri\u00e9ri alebo vlhkosti v interi\u00e9ri. Impregn\u00e1cia zabezpe\u010duje ochranu dreven\u00fdch povrchov proti zamodreniu, plesni, drevokaznej hube a hmyzu.<\/p>\n<h4>Vlastnosti:<\/h4>\n<ul>\n<li>Ochrana dreva na b\u00e1ze vody proti zamodreniu dreva, plesni, drevokaznej hube a hmyzu<\/li>\n<li>Dobr\u00e1 penetr\u00e1cia<\/li>\n<li>Bezfarebn\u00e1<\/li>\n<li>Jednoducho sa nan\u00e1\u0161a<\/li>\n<\/ul>\n<h4>Spotreba:<\/h4>\n<p>1 l n\u00e1teru pokryje 8 &#8211; 9 m<sup>2<\/sup> povrchu na jeden n\u00e1ter.<\/p>\n<h4>Farebn\u00e9 odtiene:<\/h4>\n<p>bezfarebn\u00fd<\/p>\n<h4>Tip:<\/h4>\n<p>Pred pou\u017eit\u00edm v\u00fdrobku si pre\u010d\u00edtajte prilo\u017een\u00fa technick\u00fa inform\u00e1ciu. V\u00fdrobok nesmie zamrzn\u00fa\u0165, skladujte pri teplote medzi +5 \u00b0C a +35 \u00b0C a nevystavujte ho priamemu slne\u010dn\u00e9mu \u017eiareniu. Nevylievajte v\u00fdrobok do odpadov\u00fdch syst\u00e9mov.<\/p>\n<div class=\"usage-manual\">\n<h4>Manu\u00e1l na pou\u017eitie:<\/h4>\n<ul>\n<li><img src=\"\/eshop\/wp-assets\/uploads\/web\/pictograms\/povrchy-exterier-vlhke-priestory.png\" \/>Pre povrchy v exteri\u00e9ri a vo vlhk\u00fdch priestoroch v interi\u00e9ri<\/li>\n<li><img src=\"\/eshop\/wp-assets\/uploads\/web\/pictograms\/pred-pouzitim-premiesajte.png\" \/>Pred pou\u017eit\u00edm dobre zamie\u0161ajte<\/li>\n<li><img src=\"\/eshop\/wp-assets\/uploads\/web\/pictograms\/neriedit-riedidlom.png\" \/>Tento v\u00fdrobok sa neriedi riedidlom<\/li>\n<li><img src=\"\/eshop\/wp-assets\/uploads\/web\/pictograms\/nanasanie-valcekom-stetcom.png\" \/>Nan\u00e1\u0161anie val\u010dekom alebo \u0161tetcom<\/li>\n<li><img src=\"\/eshop\/wp-assets\/uploads\/web\/pictograms\/ponorenie.png\" \/>Ponorenie<\/li>\n<li><img src=\"\/eshop\/wp-assets\/uploads\/web\/pictograms\/cistenie-naradia-vodou.png\" \/>\u010cistenie n\u00e1strojov vodou<\/li>\n<li><img src=\"\/eshop\/wp-assets\/uploads\/web\/pictograms\/cas-susenia-12h.png\" \/>Doba schnutia medzi jednotliv\u00fdmi n\u00e1termi: 12 h<\/li>\n<li><img src=\"\/eshop\/wp-assets\/uploads\/web\/pictograms\/podmienky-pri-10-25c.png\" \/>Pracovn\u00e9 podmienky pri 10-25 \u00b0C<\/li>\n<\/ul>\n<\/div>\n","protected":false},"excerpt":{"rendered":"<p>Pou\u017e\u00edva sa na z\u00e1kladn\u00fa ochranu dreven\u00fdch prvkov, ktor\u00e9 s\u00fa vystaven\u00e9 poveternostn\u00fdm vplyvom v exteri\u00e9ri alebo vlhkosti v interi\u00e9ri. Impregn\u00e1cia zabezpe\u010duje ochranu dreven\u00fdch povrchov proti zamodreniu, plesni, drevokaznej hube a hmyzu.<\/p>\n","protected":false},"featured_media":547,"comment_status":"open","ping_status":"closed","template":"","meta":[],"product_cat":[58,57],"product_tag":[],"acf":[],"_links":{"self":[{"href":"https:\/\/carodreva.sk\/eshop\/wp-json\/wp\/v2\/product\/546"}],"collection":[{"href":"https:\/\/carodreva.sk\/eshop\/wp-json\/wp\/v2\/product"}],"about":[{"href":"https:\/\/carodreva.sk\/eshop\/wp-json\/wp\/v2\/types\/product"}],"replies":[{"embeddable":true,"href":"https:\/\/carodreva.sk\/eshop\/wp-json\/wp\/v2\/comments?post=546"}],"wp:featuredmedia":[{"embeddable":true,"href":"https:\/\/carodreva.sk\/eshop\/wp-json\/wp\/v2\/media\/547"}],"wp:attachment":[{"href":"https:\/\/carodreva.sk\/eshop\/wp-json\/wp\/v2\/media?parent=546"}],"wp:term":[{"taxonomy":"product_cat","embeddable":true,"href":"https:\/\/carodreva.sk\/eshop\/wp-json\/wp\/v2\/product_cat?post=546"},{"taxonomy":"product_tag","embeddable":true,"href":"https:\/\/carodreva.sk\/eshop\/wp-json\/wp\/v2\/product_tag?post=546"}],"curies":[{"name":"wp","href":"https:\/\/api.w.org\/{rel}","templated":true}]}}