{"id":4841,"date":"2025-07-14T10:36:13","date_gmt":"2025-07-14T08:36:13","guid":{"rendered":"https:\/\/carodreva.sk\/eshop\/?post_type=product&#038;p=4841"},"modified":"2026-04-01T11:21:16","modified_gmt":"2026-04-01T09:21:16","slug":"belinka-base","status":"publish","type":"product","link":"https:\/\/carodreva.sk\/eshop\/produkt\/belinka-base\/","title":{"rendered":"Belinka Base"},"content":{"rendered":"<ul>\n<li>prevent\u00edvne chr\u00e1ni drevo pred modran\u00edm, hmyzom a ples\u0148ami<\/li>\n<li>obsahuje najmodernej\u0161ie bioc\u00eddy<\/li>\n<li>zlep\u0161uje pri\u013enavos\u0165 \u010fal\u0161\u00edch n\u00e1terov<\/li>\n<\/ul>\n<p>Obsahuje najmodernej\u0161ie bioc\u00eddy a chr\u00e1ni drevo pred biologick\u00fdmi \u0161kodcami, modran\u00edm, hmyzom a drevokazn\u00fdmi hubami.<\/p>\n<p>Pou\u017e\u00edvame ho ako prv\u00fa vrstvu ochrany dreva, ktor\u00e9 je priamo alebo nepriamo vystaven\u00e9 vplyvom po\u010dasia a znehodnocovaniu. Prevent\u00edvne chr\u00e1ni drevo pred ples\u0148ami, hnilobou a z\u00e1rove\u0148 zabra\u0148uje \u00fatokom hmyz\u00edch \u0161kodcov. Okrem bioc\u00eddov obsahuje Base aj \u017eivice. Je teda univerz\u00e1lnou z\u00e1kladnou vrstvou, ktor\u00e1 zlep\u0161uje pri\u013enavos\u0165 vrchn\u00fdch vrstiev n\u00e1teru.<\/p>\n<p>Okrem ochrany kon\u0161truk\u010dn\u00e9ho dreva Base v\u00e4\u010d\u0161inou samostatne nepou\u017e\u00edvame. Vo v\u0161etk\u00fdch ostatn\u00fdch pr\u00edpadoch odpor\u00fa\u010dame zabezpe\u010di\u0165 dodato\u010dn\u00fa ochranu niektor\u00fdm z povrchov\u00fdch n\u00e1terov firmy Belinka. Tieto chr\u00e1nia drevo od poveternostn\u00fdch vplyvov a UV \u017eiarenia a z\u00e1rove\u0148 vytv\u00e1raj\u00fa bari\u00e9ru, tak\u017ee bioc\u00eddy ostan\u00fa vn\u00fatri v dreve a nedoch\u00e1dza k ich priamemu kontaktu s okol\u00edm.<br \/>\nBase spravidla neodpor\u00fa\u010dame pou\u017e\u00edva\u0165 v obytn\u00fdch priestoroch, s v\u00fdnimkou men\u0161\u00edch pl\u00f4ch, ako s\u00fa napr. okn\u00e1, dvere, a vo vlhk\u00fdch priestoroch, v ktor\u00fdch sa \u013eudia dlh\u0161ie nezdr\u017euj\u00fa (pivnice, k\u00fape\u013ene).<\/p>\n<h4>Varovania<\/h4>\n<p>Pri pr\u00e1ci nos\u00edme ochrann\u00fd odev rukavice, a pri uzatvorenom priestore je potrebn\u00e9 zabezpe\u010di\u0165 primeran\u00e9 vetranie.<\/p>\n<p><strong>Pou\u017e\u00edvajte bioc\u00eddy bezpe\u010dn\u00fdm sp\u00f4sobom. Pred pou\u017eit\u00edm si v\u017edy pre\u010d\u00edtajte etiketu a inform\u00e1cie o v\u00fdrobku.<\/strong><\/p>\n<p><b>Zlo\u017eenie<\/b>: najmodernej\u0161ie bioc\u00eddy, alkydov\u00e9 \u017eivice a organick\u00e9 rozp\u00fa\u0161\u0165adl\u00e1<\/p>\n<p><b>Nan\u00e1\u0161anie<\/b>: \u0161tetcom, nam\u00e1\u010dan\u00edm alebo liat\u00edm<\/p>\n<p><b>D\u00e1vkovanie<\/b>: pre optim\u00e1lnu ochranu pou\u017eite 1 l Base na 5 \u2013 10 m<sup>2<\/sup>\u00a0pri dreva (v z\u00e1vislosti od druhu a kvality dreva, povrchov\u00e9ho opracovania a sp\u00f4sobu nan\u00e1\u0161ania)<\/p>\n<p><b>Doba schnutia<\/b>: 2 a\u017e 3 hodiny, nasleduj\u00faci n\u00e1ter po 12 hodin\u00e1ch<\/p>\n<p><b>\u010cistenie n\u00e1strojov<\/b>: pomocou white spirit<\/p>\n<p><b>Skladovanie<\/b>: v origin\u00e1lnom dobre uzatvorenom balen\u00ed pri teplote ni\u017e\u0161ej ako 30\u00b0 C, oddelene od potrav\u00edn a krm\u00edv, mimo dosahu det\u00ed<\/p>\n","protected":false},"excerpt":{"rendered":"<p>Base je bezfarebn\u00fd impregna\u010dn\u00fd n\u00e1ter ur\u010den\u00fd na z\u00e1kladn\u00fa, prevent\u00edvnu ochranu dreva.<\/p>\n","protected":false},"featured_media":722,"comment_status":"open","ping_status":"closed","template":"","meta":[],"product_cat":[57,20],"product_tag":[],"acf":[],"_links":{"self":[{"href":"https:\/\/carodreva.sk\/eshop\/wp-json\/wp\/v2\/product\/4841"}],"collection":[{"href":"https:\/\/carodreva.sk\/eshop\/wp-json\/wp\/v2\/product"}],"about":[{"href":"https:\/\/carodreva.sk\/eshop\/wp-json\/wp\/v2\/types\/product"}],"replies":[{"embeddable":true,"href":"https:\/\/carodreva.sk\/eshop\/wp-json\/wp\/v2\/comments?post=4841"}],"wp:featuredmedia":[{"embeddable":true,"href":"https:\/\/carodreva.sk\/eshop\/wp-json\/wp\/v2\/media\/722"}],"wp:attachment":[{"href":"https:\/\/carodreva.sk\/eshop\/wp-json\/wp\/v2\/media?parent=4841"}],"wp:term":[{"taxonomy":"product_cat","embeddable":true,"href":"https:\/\/carodreva.sk\/eshop\/wp-json\/wp\/v2\/product_cat?post=4841"},{"taxonomy":"product_tag","embeddable":true,"href":"https:\/\/carodreva.sk\/eshop\/wp-json\/wp\/v2\/product_tag?post=4841"}],"curies":[{"name":"wp","href":"https:\/\/api.w.org\/{rel}","templated":true}]}}