{"id":4833,"date":"2025-07-10T09:34:33","date_gmt":"2025-07-10T07:34:33","guid":{"rendered":"https:\/\/carodreva.sk\/eshop\/?post_type=product&#038;p=4833"},"modified":"2026-04-01T11:22:08","modified_gmt":"2026-04-01T09:22:08","slug":"belinka-algid","status":"publish","type":"product","link":"https:\/\/carodreva.sk\/eshop\/produkt\/belinka-algid\/","title":{"rendered":"Belinka Algid"},"content":{"rendered":"<ul>\n<li>\u010cinidlo, ktor\u00e9 sa pou\u017e\u00edva na odstr\u00e1nenie zelenej riasy<\/li>\n<li>Bezfarebn\u00e1 koncentrovan\u00e1 tekutina<\/li>\n<li>Vytvoren\u00e9 na profesion\u00e1lne a\u00a0v\u0161eobecn\u00e9 pou\u017eitie<\/li>\n<\/ul>\n<h4>Varovania<\/h4>\n<p><strong>Pou\u017e\u00edvajte bioc\u00eddy bezpe\u010dn\u00fdm sp\u00f4sobom. Pred pou\u017eit\u00edm si v\u017edy pre\u010d\u00edtajte etiketu a inform\u00e1cie o v\u00fdrobku.<\/strong><\/p>\n<h4>Pou\u017e\u00edvanie<\/h4>\n<p>Zatraste f\u013ea\u0161ou Algidu a rie\u010fte vodou s teplotou cca 20\u00b0C v nasleduj\u00facom pomere: 1 podiel Algidu a 4 podiely vody. Povrch, ktor\u00fd je napadnut\u00fd riasami najprv zvlh\u010dite vodou. Roztok naneste na \u0161tetec, val\u010dek alebo v spreji. Po\u010das pou\u017e\u00edvania tohto v\u00fdrobku mus\u00edte nosi\u0165 ochrann\u00e9 oble\u010denie. Pri sprejovan\u00ed nasmerujte \u010dinidlo \u010do najbli\u017e\u0161ie k infikovan\u00e9mu povrchu, aby ste sa vyhli sprejovaniu okolia. Rastliny, ktor\u00e9 sa nach\u00e1dzaj\u00fa v bl\u00edzkosti, zakryte ochrann\u00fdm filmom.<\/p>\n<p>V\u00fdrobok sa m\u00f4\u017ee pou\u017e\u00edva\u0165 len pri teplote nad 8\u00b0C. Povrch nesmie by\u0165 vystaven\u00fd da\u017e\u010fu, k\u00fdm \u010dinidlo pracuje. Po p\u00e1r hodin\u00e1ch riasy na povrchu stratia farbu a odumr\u00fa. Po 24 hodin\u00e1ch o\u010distite povrch manu\u00e1lne od rias a opl\u00e1chnite vodou. V pr\u00edpade v\u00e1\u017eneho zamorenia tento proces zopakujte. V pr\u00edpade potreby m\u00f4\u017eete po \u010disten\u00ed natrie\u0165 dreven\u00e9 povrchy moridlom zalo\u017een\u00e9 na b\u00e1ze rozp\u00fa\u0161\u0165adla; ako pr\u00eddavn\u00e9 o\u0161etrenie odpor\u00fa\u010dame pou\u017ei\u0165 Belprotect. 1 l rieden\u00e9ho \u010dinidla (1 : 4) sta\u010d\u00ed na o\u0161etrenie 4-5 m<sup>2<\/sup>\u00a0povrchu. Spotreba z\u00e1vis\u00ed od typu a\u00a0absorpcie povrchu.<\/p>\n<p><strong>Zlo\u017eenie:<\/strong>\u00a0Roztok zalo\u017een\u00fd na vode a na kvart\u00e9rnych am\u00f3nnych zl\u00fa\u010den\u00edn.<\/p>\n<p><strong>Spotreba: <\/strong>1 l Algidu vytvor\u00ed 5 l roztoku (1 l Algidu + 4 l vody). 5 l roztoku sta\u010d\u00ed na o\u0161etrenie 20 &#8211; 25 m<sup>2\u00a0<\/sup>dreven\u00e9ho povrchu, ktor\u00fd bol napadnut\u00fd riasami. Spotreba z\u00e1vis\u00ed od typu a\u00a0absorpcie povrchu.<\/p>\n<p><strong>Schnutie: <\/strong>Z\u00e1vis\u00ed od priespustnosti povrchu a poveternostn\u00fdch podmienok. Povrch je zvy\u010dajne such\u00fd po 24 hodin\u00e1ch.<\/p>\n<p><strong>\u010cistenie n\u00e1radia:\u00a0<\/strong>Pracovn\u00e9 n\u00e1stroje vy\u010distite vodou okam\u017eite po pou\u017eit\u00ed; m\u00f4\u017eete pou\u017ei\u0165 aj \u010distiace prostriedky.<\/p>\n<p><strong>Skladovanie:<\/strong> Uskladnite v\u00fdrobok v\u00a0origin\u00e1lnom a\u00a0tesne uzatvorenom obale, na suchom mieste a\u00a0pri teplote nad 5\u00b0C. V\u00fdrobok nesmie zamrzn\u00fa\u0165. Uchovajte mimo dosahu det\u00ed a na miestach, kde sa nenach\u00e1dza jedlo, krmiv\u00e1 a voda.<\/p>\n","protected":false},"excerpt":{"rendered":"<p>Algid je \u010dinidlo, ktor\u00e9 sa pou\u017e\u00edva na zni\u010denie zelen\u00fdch rias, ktor\u00e9 sa vytvorili na dreven\u00fdch alebo kamenn\u00fdch povrchoch. Je to bezfarebn\u00e1 tekutina, ktor\u00e1 sl\u00fa\u017ei na profesion\u00e1lne a v\u0161eobecn\u00e9 pou\u017eitie.<\/p>\n","protected":false},"featured_media":805,"comment_status":"open","ping_status":"closed","template":"","meta":[],"product_cat":[57],"product_tag":[],"acf":[],"_links":{"self":[{"href":"https:\/\/carodreva.sk\/eshop\/wp-json\/wp\/v2\/product\/4833"}],"collection":[{"href":"https:\/\/carodreva.sk\/eshop\/wp-json\/wp\/v2\/product"}],"about":[{"href":"https:\/\/carodreva.sk\/eshop\/wp-json\/wp\/v2\/types\/product"}],"replies":[{"embeddable":true,"href":"https:\/\/carodreva.sk\/eshop\/wp-json\/wp\/v2\/comments?post=4833"}],"wp:featuredmedia":[{"embeddable":true,"href":"https:\/\/carodreva.sk\/eshop\/wp-json\/wp\/v2\/media\/805"}],"wp:attachment":[{"href":"https:\/\/carodreva.sk\/eshop\/wp-json\/wp\/v2\/media?parent=4833"}],"wp:term":[{"taxonomy":"product_cat","embeddable":true,"href":"https:\/\/carodreva.sk\/eshop\/wp-json\/wp\/v2\/product_cat?post=4833"},{"taxonomy":"product_tag","embeddable":true,"href":"https:\/\/carodreva.sk\/eshop\/wp-json\/wp\/v2\/product_tag?post=4833"}],"curies":[{"name":"wp","href":"https:\/\/api.w.org\/{rel}","templated":true}]}}