{"id":3462,"date":"2023-05-04T14:00:49","date_gmt":"2023-05-04T12:00:49","guid":{"rendered":"https:\/\/carodreva.sk\/eshop\/?post_type=product&#038;p=3462"},"modified":"2026-04-22T06:40:15","modified_gmt":"2026-04-22T04:40:15","slug":"bori-lazura-3in1","status":"publish","type":"product","link":"https:\/\/carodreva.sk\/eshop\/produkt\/bori-lazura-3in1\/","title":{"rendered":"BORI laz\u00fara 3in1"},"content":{"rendered":"<div class=\"section\">\n<p>BORI LAZ\u00daRA 3in1 je ur\u010den\u00e1 na ochranu a dekor\u00e1ciu dreven\u00fdch povrchov v exteri\u00e9ri. Pon\u00faka vynikaj\u00facu ochranu proti slnku a poveternostn\u00fdm vplyvom. Je vhodn\u00e1 na povrchy ako okn\u00e1, dvere, \u017eal\u00fazie, ploty, zruby, z\u00e1hradn\u00e9 pr\u00edstre\u0161ky, n\u00e1bytok, at\u010f.<\/p>\n<h4>Vlastnosti:<\/h4>\n<ul>\n<li>n\u00e1terov\u00fd film s hodv\u00e1bnym vzh\u013eadom<\/li>\n<li>prevent\u00edvna ochrana dreva proti plesniam<\/li>\n<li>obsahuje vosky, ktor\u00e9 zvy\u0161uj\u00fa vodeodolnos\u0165 n\u00e1teru<\/li>\n<li>ochrana dreva proti slnku a in\u00fdm poveternostn\u00fdm vplyvom<\/li>\n<\/ul>\n<\/div>\n<div class=\"section\">\n<h4>Spotreba:<\/h4>\n<p>1 l n\u00e1teru pokryje 16 &#8211; 20 m<sup>2<\/sup>\u00a0povrchu v\u00a0jednom n\u00e1tere.<\/p>\n<\/div>\n<div class=\"section\">\n<h4>Farebn\u00e9 odtiene:<\/h4>\n<p>14 \u0161tandardn\u00fdch farebn\u00fdch odtie\u0148ov<\/p>\n<h4>Tip:<\/h4>\n<p>Pred pou\u017eit\u00edm v\u00fdrobku si pre\u010d\u00edtajte prilo\u017een\u00fa technick\u00fa inform\u00e1ciu. V\u00fdrobok nesmie zamrzn\u00fa\u0165, skladujte pri teplote medzi +5 \u00b0C a +35 \u00b0C a nevystavujte ho priamemu slne\u010dn\u00e9mu \u017eiareniu. Nevylievajte v\u00fdrobok do odpadov\u00fdch syst\u00e9mov.<\/p>\n<\/div>\n<div class=\"usage-manual\">\n<h4>Manu\u00e1l na pou\u017eitie:<\/h4>\n<ul>\n<li><img src=\"\/eshop\/wp-assets\/uploads\/web\/pictograms\/povrchy-stenove-exterier.png\" \/>Stenov\u00e9 povrchy v exteri\u00e9ri<\/li>\n<li><img src=\"\/eshop\/wp-assets\/uploads\/web\/pictograms\/pred-pouzitim-premiesajte.png\" \/>Pred pou\u017eit\u00edm dobre zamie\u0161ajte<\/li>\n<li><img src=\"\/eshop\/wp-assets\/uploads\/web\/pictograms\/neriedit-riedidlom.png\" \/>Tento v\u00fdrobok sa neriedi riedidlom<\/li>\n<li><img src=\"\/eshop\/wp-assets\/uploads\/web\/pictograms\/nanasanie-valcekom-stetcom.png\" \/>Nan\u00e1\u0161anie val\u010dekom alebo \u0161tetcom<\/li>\n<li><img src=\"\/eshop\/wp-assets\/uploads\/web\/pictograms\/cistenie-naradia-riedidlom.png\" \/>\u010cistenie n\u00e1strojov s riedidlom<\/li>\n<li><img src=\"\/eshop\/wp-assets\/uploads\/web\/pictograms\/cas-susenia-24h.png\" \/>Doba schnutia medzi jednotliv\u00fdmi n\u00e1termi: 24 h<\/li>\n<li><img src=\"\/eshop\/wp-assets\/uploads\/web\/pictograms\/podmienky-pri-10-25c.png\" \/>Pracovn\u00e9 podmienky pri 10-25 \u00b0C<\/li>\n<\/ul>\n<\/div>\n","protected":false},"excerpt":{"rendered":"<p>BORI LAZ\u00daRA 3in1 je ur\u010den\u00e1 na ochranu a dekor\u00e1ciu dreven\u00fdch povrchov v exteri\u00e9ri. Pon\u00faka vynikaj\u00facu ochranu proti slnku a poveternostn\u00fdm vplyvom. Je vhodn\u00e1 na povrchy ako okn\u00e1, dvere, \u017eal\u00fazie, ploty, zruby, z\u00e1hradn\u00e9 pr\u00edstre\u0161ky, n\u00e1bytok, at\u010f.<\/p>\n","protected":false},"featured_media":3467,"comment_status":"open","ping_status":"closed","template":"","meta":[],"product_cat":[105],"product_tag":[],"acf":[],"_links":{"self":[{"href":"https:\/\/carodreva.sk\/eshop\/wp-json\/wp\/v2\/product\/3462"}],"collection":[{"href":"https:\/\/carodreva.sk\/eshop\/wp-json\/wp\/v2\/product"}],"about":[{"href":"https:\/\/carodreva.sk\/eshop\/wp-json\/wp\/v2\/types\/product"}],"replies":[{"embeddable":true,"href":"https:\/\/carodreva.sk\/eshop\/wp-json\/wp\/v2\/comments?post=3462"}],"wp:featuredmedia":[{"embeddable":true,"href":"https:\/\/carodreva.sk\/eshop\/wp-json\/wp\/v2\/media\/3467"}],"wp:attachment":[{"href":"https:\/\/carodreva.sk\/eshop\/wp-json\/wp\/v2\/media?parent=3462"}],"wp:term":[{"taxonomy":"product_cat","embeddable":true,"href":"https:\/\/carodreva.sk\/eshop\/wp-json\/wp\/v2\/product_cat?post=3462"},{"taxonomy":"product_tag","embeddable":true,"href":"https:\/\/carodreva.sk\/eshop\/wp-json\/wp\/v2\/product_tag?post=3462"}],"curies":[{"name":"wp","href":"https:\/\/api.w.org\/{rel}","templated":true}]}}