{"id":652,"date":"2022-05-31T12:19:19","date_gmt":"2022-05-31T10:19:19","guid":{"rendered":"https:\/\/carodreva.sk\/eshop\/?page_id=652"},"modified":"2022-07-27T09:17:49","modified_gmt":"2022-07-27T07:17:49","slug":"na-stiahnutie","status":"publish","type":"page","link":"https:\/\/carodreva.sk\/eshop\/na-stiahnutie\/","title":{"rendered":"Na stiahnutie"},"content":{"rendered":"<div id=\"tdi_1\" class=\"tdc-zone\"><div class=\"tdc_zone tdi_2  wpb_row td-pb-row\"  >\n<style scoped>\n\n\/* custom css *\/\n.tdi_2{\r\n                    min-height: 0;\r\n                }\n<\/style><div id=\"tdi_3\" class=\"tdc-row stretch_row_1200 td-stretch-content\"><div class=\"vc_row tdi_4  wpb_row td-pb-row\" >\n<style scoped>\n\n\/* custom css *\/\n.tdi_4,\r\n                .tdi_4 .tdc-columns{\r\n                    min-height: 0;\r\n                }.tdi_4,\r\n\t\t\t\t.tdi_4 .tdc-columns{\r\n\t\t\t\t    display: block;\r\n\t\t\t\t}.tdi_4 .tdc-columns{\r\n\t\t\t\t    width: 100%;\r\n\t\t\t\t}\n<\/style><div class=\"vc_column tdi_6  wpb_column vc_column_container tdc-column td-pb-span12\">\n<style scoped>\n\n\/* custom css *\/\n.tdi_6{\r\n                    vertical-align: baseline;\r\n                }.tdi_6 > .wpb_wrapper,\r\n\t\t\t\t.tdi_6 > .wpb_wrapper > .tdc-elements{\r\n\t\t\t\t    display: block;\r\n\t\t\t\t}.tdi_6 > .wpb_wrapper > .tdc-elements{\r\n\t\t\t\t    width: 100%;\r\n\t\t\t\t}.tdi_6 > .wpb_wrapper > .vc_row_inner{\r\n\t\t\t\t    width: auto;\r\n\t\t\t\t}.tdi_6 > .wpb_wrapper{\r\n\t\t\t\t    width: auto;\r\n\t\t\t\t    height: auto;\r\n\t\t\t\t}\n<\/style><div class=\"wpb_wrapper\"><div class=\"wpb_wrapper wpb_text_column td_block_wrap td_block_wrap vc_column_text tdi_7  tagdiv-type td-pb-border-top td_block_template_1 tdc-no-posts\"  data-td-block-uid=\"tdi_7\" ><div class=\"td-block-title-wrap\"><\/div><div class=\"td-fix-index\"><h1 class=\"page-title\">Na stiahnutie<\/h1>\n<\/div><\/div><div class=\"wpb_wrapper td_block_wrap vc_raw_html tdi_9 \"><div class=\"td-fix-index\"><div class=\"docs\">\n    <a class=\"document\" href=\"\/eshop\/wp-assets\/uploads\/web\/na-stiahnutie\/formular-na-reklamaciu-odstupenie.pdf\" target=\"_blank\" download>\n    <div class=\"icon\"><img src=\"\/eshop\/wp-assets\/uploads\/web\/pdf.svg\"><\/div>\n    <p class=\"title\">Formul\u00e1r pre&nbsp;reklam\u00e1ciu a&nbsp;vr\u00e1tenie tovaru<\/p>\n    <\/a>\n    \n    <a class=\"document\" href=\"\/eshop\/wp-assets\/uploads\/web\/na-stiahnutie\/formular-na-reklamaciu-odstupenie.xlsx\" target=\"_blank\" download>\n    <div class=\"icon\"><img src=\"\/eshop\/wp-assets\/uploads\/web\/xls.svg\"><\/div>\n    <p class=\"title\">Formul\u00e1r pre&nbsp;reklam\u00e1ciu a&nbsp;vr\u00e1tenie tovaru<\/p>\n    <\/a>\n<\/div>\n<\/div><\/div><\/div><\/div><\/div><\/div><\/div><\/div>","protected":false},"excerpt":{"rendered":"","protected":false},"author":1,"featured_media":0,"parent":0,"menu_order":0,"comment_status":"closed","ping_status":"closed","template":"","meta":[],"acf":[],"_links":{"self":[{"href":"https:\/\/carodreva.sk\/eshop\/wp-json\/wp\/v2\/pages\/652"}],"collection":[{"href":"https:\/\/carodreva.sk\/eshop\/wp-json\/wp\/v2\/pages"}],"about":[{"href":"https:\/\/carodreva.sk\/eshop\/wp-json\/wp\/v2\/types\/page"}],"author":[{"embeddable":true,"href":"https:\/\/carodreva.sk\/eshop\/wp-json\/wp\/v2\/users\/1"}],"replies":[{"embeddable":true,"href":"https:\/\/carodreva.sk\/eshop\/wp-json\/wp\/v2\/comments?post=652"}],"version-history":[{"count":5,"href":"https:\/\/carodreva.sk\/eshop\/wp-json\/wp\/v2\/pages\/652\/revisions"}],"predecessor-version":[{"id":1418,"href":"https:\/\/carodreva.sk\/eshop\/wp-json\/wp\/v2\/pages\/652\/revisions\/1418"}],"wp:attachment":[{"href":"https:\/\/carodreva.sk\/eshop\/wp-json\/wp\/v2\/media?parent=652"}],"curies":[{"name":"wp","href":"https:\/\/api.w.org\/{rel}","templated":true}]}}